{"id":3060,"date":"2018-12-05T12:28:22","date_gmt":"2018-12-05T11:28:22","guid":{"rendered":"http:\/\/www.musicalmollet.com\/wordpress\/?post_type=product&#038;p=3060"},"modified":"2018-12-05T17:31:27","modified_gmt":"2018-12-05T16:31:27","slug":"caja-infantil-db1100","status":"publish","type":"product","link":"https:\/\/www.musicalmollet.com\/index.php\/producto\/caja-infantil-db1100\/","title":{"rendered":"Caja Infantil DB1100"},"content":{"rendered":"\n<p>0<br \/>\nCAJA INFANTIL 10&#8243;X4&#8243; 4DIV.ABEDUL BORD.EXT. DB1100 &#8211; 7363  CAJA INFANTIL 10&#8243;X4&#8243; 4DIV.ABEDUL BORD.EXT. DB1100 &#8211; 7363   <\/p>\n<p>caja infantil 10&#8243;x4&#8243; 4div.abedul bord.ext. <\/p>\n<p>Referencia: 7363<\/p>\n<p>Subfamilia: Cajas de banda infantiles<\/p>\n<p>Precio unidad: \u20ac 47,50<\/p>\n<p>Casco de abedul y aros met\u00e1licos. 4 divisiones. Con bord\u00f3n externo.Incluye baquetas, llave de tensi\u00f3n y correa. Peso: 1,48Kg.DB Percussion. &#8211; CAJA INFANTIL 10&#8243;X4&#8243; 4DIV.ABEDUL BORD.EXT. DB1100<\/p>\n","protected":false},"excerpt":{"rendered":"<p>0 CAJA INFANTIL 10&#8243;X4&#8243; 4DIV.ABEDUL BORD.EXT. DB1100 &#8211; 7363 CAJA INFANTIL 10&#8243;X4&#8243; 4DIV.ABEDUL BORD.EXT. DB1100 &#8211; 7363 caja infantil 10&#8243;x4&#8243; 4div.abedul bord.ext. Referencia: 7363 Subfamilia: Cajas de banda infantiles Precio unidad: \u20ac 47,50 Casco de abedul y aros met\u00e1licos. 4 divisiones. Con bord\u00f3n externo.Incluye baquetas, llave de tensi\u00f3n y correa. Peso: 1,48Kg.DB Percussion. &#8211; CAJA [&hellip;]<\/p>\n","protected":false},"featured_media":3061,"comment_status":"open","ping_status":"closed","template":"","meta":{"om_disable_all_campaigns":false},"product_cat":[99],"product_tag":[165],"class_list":["post-3060","product","type-product","status-publish","has-post-thumbnail","hentry","product_cat-cajas-infantiles","product_tag-cajas"],"aioseo_notices":[],"_links":{"self":[{"href":"https:\/\/www.musicalmollet.com\/index.php\/wp-json\/wp\/v2\/product\/3060","targetHints":{"allow":["GET"]}}],"collection":[{"href":"https:\/\/www.musicalmollet.com\/index.php\/wp-json\/wp\/v2\/product"}],"about":[{"href":"https:\/\/www.musicalmollet.com\/index.php\/wp-json\/wp\/v2\/types\/product"}],"replies":[{"embeddable":true,"href":"https:\/\/www.musicalmollet.com\/index.php\/wp-json\/wp\/v2\/comments?post=3060"}],"wp:featuredmedia":[{"embeddable":true,"href":"https:\/\/www.musicalmollet.com\/index.php\/wp-json\/wp\/v2\/media\/3061"}],"wp:attachment":[{"href":"https:\/\/www.musicalmollet.com\/index.php\/wp-json\/wp\/v2\/media?parent=3060"}],"wp:term":[{"taxonomy":"product_cat","embeddable":true,"href":"https:\/\/www.musicalmollet.com\/index.php\/wp-json\/wp\/v2\/product_cat?post=3060"},{"taxonomy":"product_tag","embeddable":true,"href":"https:\/\/www.musicalmollet.com\/index.php\/wp-json\/wp\/v2\/product_tag?post=3060"}],"curies":[{"name":"wp","href":"https:\/\/api.w.org\/{rel}","templated":true}]}}