{"id":3131,"date":"2019-02-16T11:24:17","date_gmt":"2019-02-16T10:24:17","guid":{"rendered":"https:\/\/www.musicalmollet.com\/?post_type=product&#038;p=3131"},"modified":"2019-02-16T11:24:17","modified_gmt":"2019-02-16T10:24:17","slug":"microfono-inalambrico-doble-ams-mu-302","status":"publish","type":"product","link":"https:\/\/www.musicalmollet.com\/index.php\/producto\/microfono-inalambrico-doble-ams-mu-302\/","title":{"rendered":"Micr\u00f3fono Inalambrico Doble AMS-Mu-302"},"content":{"rendered":"<p>Sistema Inal\u00e1mbrico Doble con emisores de mano.<br \/>\nCircuiter\u00eda SMT.<br \/>\n5 frecuencias disponibles que no interfieren entre ellas.<br \/>\nSistema compuesto por: MU 302 + 2 micr\u00f3fonos de mano (MM 102)<br \/>\nSalidas XLR balanceadas y salida Mixer desbalanceada con conector jack 1\/4&#8243;.<br \/>\nFrecuencia, grupo, antena y canal mostrado en la pantalla LCD.<br \/>\nControles de volumen separado para ambos canales. <\/p>\n<p>DATOS T\u00c9CNICOS:<\/p>\n<p>Receptor:<\/p>\n<p>Modo de recepci\u00f3n: 2 canales.<br \/>\nRango de frecuencia: UHF 614-806MHz.<br \/>\nRespuesta en frec.: 40Hz-18KHz (+\/- 3dB)<br \/>\nEstabilidad de la frec: +\/-0.005%.<br \/>\nDistorsi\u00f3n: <0.5%.\nS\/N : > 105db.<br \/>\nRechazo a esp\u00fareos: >80dB.<br \/>\nAlimentaci\u00f3n: 13-15V DC.<br \/>\nDimensiones: 210 X 150 X 35 mm.<\/p>\n<p>Micr\u00f3fono:<\/p>\n<p>Modulaci\u00f3n: FM3.<br \/>\nConsumo: <110mA.\nAntena: Incorporada. \nDirectividad: cardioide.\nOscilaci\u00f3n de frec.: +\/- 48KHz.\nRechazo a esp\u00fareos: > 60dB.<\/p>\n","protected":false},"excerpt":{"rendered":"<p>Sistema Inal\u00e1mbrico Doble con emisores de mano. Circuiter\u00eda SMT. 5 frecuencias disponibles que no interfieren entre ellas. Sistema compuesto por: MU 302 + 2 micr\u00f3fonos de mano (MM 102) Salidas XLR balanceadas y salida Mixer desbalanceada con conector jack 1\/4&#8243;. Frecuencia, grupo, antena y canal mostrado en la pantalla LCD. Controles de volumen separado para [&hellip;]<\/p>\n","protected":false},"featured_media":3132,"comment_status":"closed","ping_status":"closed","template":"","meta":{"om_disable_all_campaigns":false},"product_cat":[54],"product_tag":[190],"class_list":["post-3131","product","type-product","status-publish","has-post-thumbnail","hentry","product_cat-microfonos","product_tag-microfono"],"aioseo_notices":[],"_links":{"self":[{"href":"https:\/\/www.musicalmollet.com\/index.php\/wp-json\/wp\/v2\/product\/3131","targetHints":{"allow":["GET"]}}],"collection":[{"href":"https:\/\/www.musicalmollet.com\/index.php\/wp-json\/wp\/v2\/product"}],"about":[{"href":"https:\/\/www.musicalmollet.com\/index.php\/wp-json\/wp\/v2\/types\/product"}],"replies":[{"embeddable":true,"href":"https:\/\/www.musicalmollet.com\/index.php\/wp-json\/wp\/v2\/comments?post=3131"}],"wp:featuredmedia":[{"embeddable":true,"href":"https:\/\/www.musicalmollet.com\/index.php\/wp-json\/wp\/v2\/media\/3132"}],"wp:attachment":[{"href":"https:\/\/www.musicalmollet.com\/index.php\/wp-json\/wp\/v2\/media?parent=3131"}],"wp:term":[{"taxonomy":"product_cat","embeddable":true,"href":"https:\/\/www.musicalmollet.com\/index.php\/wp-json\/wp\/v2\/product_cat?post=3131"},{"taxonomy":"product_tag","embeddable":true,"href":"https:\/\/www.musicalmollet.com\/index.php\/wp-json\/wp\/v2\/product_tag?post=3131"}],"curies":[{"name":"wp","href":"https:\/\/api.w.org\/{rel}","templated":true}]}}