{"id":3151,"date":"2024-04-12T20:19:01","date_gmt":"2024-04-12T18:19:01","guid":{"rendered":"https:\/\/www.musicalmollet.com\/?post_type=product&#038;p=3151"},"modified":"2024-04-12T18:22:34","modified_gmt":"2024-04-12T16:22:34","slug":"armonica-hohner-blues-harp-20-voces","status":"publish","type":"product","link":"https:\/\/www.musicalmollet.com\/index.php\/producto\/armonica-hohner-blues-harp-20-voces\/","title":{"rendered":"Armonica Hohner Blues Harp en Mi E"},"content":{"rendered":"<p>MS- System Leng\u00fcetas: 20 Placa de leng\u00fcetas de lat\u00f3n 0,9 mm Cuerpo de celdas de madera Largo: aprox. 10cm El modelo m\u00e1s corriente de la l\u00ednea Richter Sonido brillante y fuerte Cuerpo de madera con placa de leng\u00fcetas atornillada El material de las leng\u00fcetas es de una aleaci\u00f3n especial de lat\u00f3n<\/p>\n<p>Modelos afinaci\u00f3n:<\/p>\n<p>A- Ab &#8211; B- Bb -C &#8211; D- Db &#8211; E- Eb &#8211; F &#8211; F# &#8211; G<\/p>\n<p>Indicar en el pedido l<\/p>\n","protected":false},"excerpt":{"rendered":"<p>MS- System Leng\u00fcetas: 20 Placa de leng\u00fcetas de lat\u00f3n 0,9 mm Cuerpo de celdas de madera Largo: aprox. 10cm El modelo m\u00e1s corriente de la l\u00ednea Richter Sonido brillante y fuerte Cuerpo de madera con placa de leng\u00fcetas atornillada El material de las leng\u00fcetas es de una aleaci\u00f3n especial de lat\u00f3n Modelos afinaci\u00f3n: A- Ab [&hellip;]<\/p>\n","protected":false},"featured_media":3152,"comment_status":"closed","ping_status":"closed","template":"","meta":{"om_disable_all_campaigns":false},"product_cat":[20],"product_tag":[158],"class_list":["post-3151","product","type-product","status-publish","has-post-thumbnail","hentry","product_cat-armonicas","product_tag-armonicas"],"aioseo_notices":[],"_links":{"self":[{"href":"https:\/\/www.musicalmollet.com\/index.php\/wp-json\/wp\/v2\/product\/3151","targetHints":{"allow":["GET"]}}],"collection":[{"href":"https:\/\/www.musicalmollet.com\/index.php\/wp-json\/wp\/v2\/product"}],"about":[{"href":"https:\/\/www.musicalmollet.com\/index.php\/wp-json\/wp\/v2\/types\/product"}],"replies":[{"embeddable":true,"href":"https:\/\/www.musicalmollet.com\/index.php\/wp-json\/wp\/v2\/comments?post=3151"}],"wp:featuredmedia":[{"embeddable":true,"href":"https:\/\/www.musicalmollet.com\/index.php\/wp-json\/wp\/v2\/media\/3152"}],"wp:attachment":[{"href":"https:\/\/www.musicalmollet.com\/index.php\/wp-json\/wp\/v2\/media?parent=3151"}],"wp:term":[{"taxonomy":"product_cat","embeddable":true,"href":"https:\/\/www.musicalmollet.com\/index.php\/wp-json\/wp\/v2\/product_cat?post=3151"},{"taxonomy":"product_tag","embeddable":true,"href":"https:\/\/www.musicalmollet.com\/index.php\/wp-json\/wp\/v2\/product_tag?post=3151"}],"curies":[{"name":"wp","href":"https:\/\/api.w.org\/{rel}","templated":true}]}}