{"id":3185,"date":"2019-03-26T20:16:40","date_gmt":"2019-03-26T19:16:40","guid":{"rendered":"http:\/\/www.musicalmollet.com\/?post_type=product&#038;p=3185"},"modified":"2019-03-26T20:16:40","modified_gmt":"2019-03-26T19:16:40","slug":"castanuelas-madera-de-india","status":"publish","type":"product","link":"https:\/\/www.musicalmollet.com\/index.php\/producto\/castanuelas-madera-de-india\/","title":{"rendered":"Casta\u00f1uelas madera de india"},"content":{"rendered":"<p>.- Casta\u00f1uelas madera de Ebano<br \/>\n.- 3 Casta\u00f1uelas funda de yute<br \/>\n.- indicar n\u00famero 6 o 7<\/p>\n","protected":false},"excerpt":{"rendered":"<p>.- Casta\u00f1uelas madera de Ebano .- 3 Casta\u00f1uelas funda de yute .- indicar n\u00famero 6 o 7<\/p>\n","protected":false},"featured_media":3186,"comment_status":"closed","ping_status":"closed","template":"","meta":{"om_disable_all_campaigns":false},"product_cat":[32],"product_tag":[170],"class_list":["post-3185","product","type-product","status-publish","has-post-thumbnail","hentry","product_cat-castanuelas","product_tag-castanuelas"],"aioseo_notices":[],"_links":{"self":[{"href":"https:\/\/www.musicalmollet.com\/index.php\/wp-json\/wp\/v2\/product\/3185","targetHints":{"allow":["GET"]}}],"collection":[{"href":"https:\/\/www.musicalmollet.com\/index.php\/wp-json\/wp\/v2\/product"}],"about":[{"href":"https:\/\/www.musicalmollet.com\/index.php\/wp-json\/wp\/v2\/types\/product"}],"replies":[{"embeddable":true,"href":"https:\/\/www.musicalmollet.com\/index.php\/wp-json\/wp\/v2\/comments?post=3185"}],"wp:featuredmedia":[{"embeddable":true,"href":"https:\/\/www.musicalmollet.com\/index.php\/wp-json\/wp\/v2\/media\/3186"}],"wp:attachment":[{"href":"https:\/\/www.musicalmollet.com\/index.php\/wp-json\/wp\/v2\/media?parent=3185"}],"wp:term":[{"taxonomy":"product_cat","embeddable":true,"href":"https:\/\/www.musicalmollet.com\/index.php\/wp-json\/wp\/v2\/product_cat?post=3185"},{"taxonomy":"product_tag","embeddable":true,"href":"https:\/\/www.musicalmollet.com\/index.php\/wp-json\/wp\/v2\/product_tag?post=3185"}],"curies":[{"name":"wp","href":"https:\/\/api.w.org\/{rel}","templated":true}]}}