{"id":3189,"date":"2025-05-12T12:50:56","date_gmt":"2025-05-12T10:50:56","guid":{"rendered":"http:\/\/www.musicalmollet.com\/?post_type=product&#038;p=3189"},"modified":"2025-05-12T19:27:38","modified_gmt":"2025-05-12T17:27:38","slug":"metronomo-wittner-taktell-junior-824","status":"publish","type":"product","link":"https:\/\/www.musicalmollet.com\/index.php\/producto\/metronomo-wittner-taktell-junior-824\/","title":{"rendered":"Metr\u00f3nomo Wittner Taktell Junior 824"},"content":{"rendered":"<p>Wittner 903110 Metr\u00f3nomo Taktell Junior color rojo rub\u00ed   <\/p>\n<p>de WITTNER <\/p>\n<p> \u2022 Color rojo rub\u00ed<br \/>\n\u2022 Sin campana<br \/>\n\u2022 Pl\u00e1stico <\/p>\n","protected":false},"excerpt":{"rendered":"<p>Wittner 903110 Metr\u00f3nomo Taktell Junior color rojo rub\u00ed de WITTNER \u2022 Color rojo rub\u00ed \u2022 Sin campana \u2022 Pl\u00e1stico<\/p>\n","protected":false},"featured_media":3190,"comment_status":"closed","ping_status":"closed","template":"","meta":{"om_disable_all_campaigns":false},"product_cat":[53],"product_tag":[189],"class_list":["post-3189","product","type-product","status-publish","has-post-thumbnail","hentry","product_cat-metronomos","product_tag-metronomo"],"aioseo_notices":[],"_links":{"self":[{"href":"https:\/\/www.musicalmollet.com\/index.php\/wp-json\/wp\/v2\/product\/3189","targetHints":{"allow":["GET"]}}],"collection":[{"href":"https:\/\/www.musicalmollet.com\/index.php\/wp-json\/wp\/v2\/product"}],"about":[{"href":"https:\/\/www.musicalmollet.com\/index.php\/wp-json\/wp\/v2\/types\/product"}],"replies":[{"embeddable":true,"href":"https:\/\/www.musicalmollet.com\/index.php\/wp-json\/wp\/v2\/comments?post=3189"}],"wp:featuredmedia":[{"embeddable":true,"href":"https:\/\/www.musicalmollet.com\/index.php\/wp-json\/wp\/v2\/media\/3190"}],"wp:attachment":[{"href":"https:\/\/www.musicalmollet.com\/index.php\/wp-json\/wp\/v2\/media?parent=3189"}],"wp:term":[{"taxonomy":"product_cat","embeddable":true,"href":"https:\/\/www.musicalmollet.com\/index.php\/wp-json\/wp\/v2\/product_cat?post=3189"},{"taxonomy":"product_tag","embeddable":true,"href":"https:\/\/www.musicalmollet.com\/index.php\/wp-json\/wp\/v2\/product_tag?post=3189"}],"curies":[{"name":"wp","href":"https:\/\/api.w.org\/{rel}","templated":true}]}}