{"id":3195,"date":"2023-05-05T18:52:44","date_gmt":"2023-05-05T16:52:44","guid":{"rendered":"http:\/\/www.musicalmollet.com\/?post_type=product&#038;p=3195"},"modified":"2023-05-05T20:18:43","modified_gmt":"2023-05-05T18:18:43","slug":"cejilla-admira-guitarra-clasica-ac-20c","status":"publish","type":"product","link":"https:\/\/www.musicalmollet.com\/index.php\/producto\/cejilla-admira-guitarra-clasica-ac-20c\/","title":{"rendered":"Cejilla Admira guitarra clasica AC-20C"},"content":{"rendered":"<p>Cejilla de la marca Admira para guitarra cl\u00e1sica.<\/p>\n<p>Gracias al sistema de pinza y muelle facilitar\u00e1 su uso y colocaci\u00f3n, obteniendo as\u00ed una mayor seguridad tanto en afinaci\u00f3n como en sonido.<\/p>\n","protected":false},"excerpt":{"rendered":"<p>Cejilla de la marca Admira para guitarra cl\u00e1sica. Gracias al sistema de pinza y muelle facilitar\u00e1 su uso y colocaci\u00f3n, obteniendo as\u00ed una mayor seguridad tanto en afinaci\u00f3n como en sonido.<\/p>\n","protected":false},"featured_media":3196,"comment_status":"closed","ping_status":"closed","template":"","meta":{"om_disable_all_campaigns":false},"product_cat":[75],"product_tag":[141],"class_list":["post-3195","product","type-product","status-publish","has-post-thumbnail","hentry","product_cat-cejillas","product_tag-cejillas"],"aioseo_notices":[],"_links":{"self":[{"href":"https:\/\/www.musicalmollet.com\/index.php\/wp-json\/wp\/v2\/product\/3195","targetHints":{"allow":["GET"]}}],"collection":[{"href":"https:\/\/www.musicalmollet.com\/index.php\/wp-json\/wp\/v2\/product"}],"about":[{"href":"https:\/\/www.musicalmollet.com\/index.php\/wp-json\/wp\/v2\/types\/product"}],"replies":[{"embeddable":true,"href":"https:\/\/www.musicalmollet.com\/index.php\/wp-json\/wp\/v2\/comments?post=3195"}],"wp:featuredmedia":[{"embeddable":true,"href":"https:\/\/www.musicalmollet.com\/index.php\/wp-json\/wp\/v2\/media\/3196"}],"wp:attachment":[{"href":"https:\/\/www.musicalmollet.com\/index.php\/wp-json\/wp\/v2\/media?parent=3195"}],"wp:term":[{"taxonomy":"product_cat","embeddable":true,"href":"https:\/\/www.musicalmollet.com\/index.php\/wp-json\/wp\/v2\/product_cat?post=3195"},{"taxonomy":"product_tag","embeddable":true,"href":"https:\/\/www.musicalmollet.com\/index.php\/wp-json\/wp\/v2\/product_tag?post=3195"}],"curies":[{"name":"wp","href":"https:\/\/api.w.org\/{rel}","templated":true}]}}