{"id":328,"date":"2016-05-05T08:36:59","date_gmt":"2016-05-05T06:36:59","guid":{"rendered":"http:\/\/www.musicalmollet.com\/wordpress\/?post_type=product&#038;p=328"},"modified":"2018-05-24T18:42:44","modified_gmt":"2018-05-24T16:42:44","slug":"castanuela-jale-granadillo-no-8","status":"publish","type":"product","link":"https:\/\/www.musicalmollet.com\/index.php\/producto\/castanuela-jale-granadillo-no-8\/","title":{"rendered":"CASTA\u00d1UELA JALE GRANADILLO N\u00ba 8"},"content":{"rendered":"<p>Casta\u00f1uela Jale. Las casta\u00f1uelas son un instrumento de percusi\u00f3n. Casta\u00f1uela profesional de la marca Jale. Est\u00e1 fabricada en granadillo, uno de los materiales m\u00e1s apreciados para la fabricaci\u00f3n de casta\u00f1uelas por su dureza. Color negro. &#8211; Casta\u00f1uela amateur . &#8211; Madera granadillo negro. &#8211; Presentado en cajita de cart\u00f3n. Talla 6: para ni\u00f1os Talla 7: para se\u00f1oras Talla 8: para hombres y manos grandes.<\/p>\n","protected":false},"excerpt":{"rendered":"<p>Casta\u00f1uela Jale. Las casta\u00f1uelas son un instrumento de percusi\u00f3n. Casta\u00f1uela profesional de la marca Jale. Est\u00e1 fabricada en granadillo, uno de los materiales m\u00e1s apreciados para la fabricaci\u00f3n de casta\u00f1uelas por su dureza. Color negro. &#8211; Casta\u00f1uela amateur . &#8211; Madera granadillo negro. &#8211; Presentado en cajita de cart\u00f3n. Talla 6: para ni\u00f1os Talla 7: [&hellip;]<\/p>\n","protected":false},"featured_media":0,"comment_status":"open","ping_status":"closed","template":"","meta":{"om_disable_all_campaigns":false},"product_cat":[32],"product_tag":[170],"class_list":["post-328","product","type-product","status-publish","hentry","product_cat-castanuelas","product_tag-castanuelas"],"aioseo_notices":[],"_links":{"self":[{"href":"https:\/\/www.musicalmollet.com\/index.php\/wp-json\/wp\/v2\/product\/328","targetHints":{"allow":["GET"]}}],"collection":[{"href":"https:\/\/www.musicalmollet.com\/index.php\/wp-json\/wp\/v2\/product"}],"about":[{"href":"https:\/\/www.musicalmollet.com\/index.php\/wp-json\/wp\/v2\/types\/product"}],"replies":[{"embeddable":true,"href":"https:\/\/www.musicalmollet.com\/index.php\/wp-json\/wp\/v2\/comments?post=328"}],"wp:attachment":[{"href":"https:\/\/www.musicalmollet.com\/index.php\/wp-json\/wp\/v2\/media?parent=328"}],"wp:term":[{"taxonomy":"product_cat","embeddable":true,"href":"https:\/\/www.musicalmollet.com\/index.php\/wp-json\/wp\/v2\/product_cat?post=328"},{"taxonomy":"product_tag","embeddable":true,"href":"https:\/\/www.musicalmollet.com\/index.php\/wp-json\/wp\/v2\/product_tag?post=328"}],"curies":[{"name":"wp","href":"https:\/\/api.w.org\/{rel}","templated":true}]}}