{"id":3341,"date":"2019-06-27T18:57:40","date_gmt":"2019-06-27T16:57:40","guid":{"rendered":"http:\/\/www.musicalmollet.com\/?post_type=product&#038;p=3341"},"modified":"2023-07-11T12:59:22","modified_gmt":"2023-07-11T10:59:22","slug":"cancionero-facil-todos-los-acordes","status":"publish","type":"product","link":"https:\/\/www.musicalmollet.com\/index.php\/producto\/cancionero-facil-todos-los-acordes\/","title":{"rendered":"Cancionero !Facil! todos los acordes"},"content":{"rendered":"<p>Descrizione breve<\/p>\n<p>226 letras con acordes (sin cejilla) de los \u00e9xitos espa\u00f1oles y internacionales m\u00e1s conocidos.<\/p>\n<p>Incluye tambi\u00e9n los ultimos \u00e9xitos \u00abUn violinista en tu tejado\u00bb, \u00abTen\u00eda tanto que darte\u00bb, \u00abDame cari\u00f1o\u00bb. Entre los artistas: EL CANTO DEL LOCO, AMY WINEHOUSE, CHAMBAO, EL ARREBATO, ALASKA, ALEJANDRO SANZ, ALEX UBAGO, ALICIA KEYS, AMARAL, ANDRES CALAMARO, ANTONIO FLORES, ANTONIO MOLINA, ANTONIO OROZCO, BARBRA STREISAND, BISBAL, BLUR, BRUCE SPRINGSTEEN, CARLOS BAUTE, CECILIA, CELINE DION, CHAYANNE, CHENOA, CONCHITA, COTI, DECAL, DUO DINAMICO, EFECTO, MARIPOSA, ELLA BAILA SOLA, ESTOPA, FITO Y FITIPALDIS, FRANCISCO CESPEDES, FREDDY MERCURY, HEROES DEL SILENCIO , JAMES BLUNT, JOAN MANUEL SERRAT, JOAQUIN SABINA, JOHN LENNON, JOSE&#8217; LUIS PERALES, JOSE&#8217; MANUEL SOTO, JUANES, KIKO VENENO, LA FRONTERA, LA OREJA DE VAN GOGH, LA QUINTA ESTACION, LENE MARLIN, LENNY KRAVITZ, LEONARD COHEN, LOQUILLO, LOS BRINCOS, LOS CALA\u00d1 A, LOS CA\u00d1OS, LOS HERMANOS RIGUAL, LOS MARCELLOS FERIAL, LOS RODRIGUEZ, LOU BEGA, LUIS EDUARDO AUTE, LUIS MIGUEL, MALU&#8217;, MANA&#8217;, MANOLO TENA, MARC ANTHONY, MARIA ISABEL, MECANO, MELENDI, MELON DIESEL, MIGUEL BOSE&#8217;, MIKE OLDFIELD, MOCEDADES, NENA DACONTE, NINO BRAVO, NORA JONES, OBK, PAULINA RUBIO, PHIL COLLINS, QUEEN, ROD STEWART, ROSARIO, SANTANA, SIMPLY RED, STEVIE WONDER, TAKE THAT, TEARS FOR FEARS, THE BEATLES, TOTO, TRACY CHAMPMAN.<\/p>\n","protected":false},"excerpt":{"rendered":"<p>Descrizione breve 226 letras con acordes (sin cejilla) de los \u00e9xitos espa\u00f1oles y internacionales m\u00e1s conocidos. Incluye tambi\u00e9n los ultimos \u00e9xitos \u00abUn violinista en tu tejado\u00bb, \u00abTen\u00eda tanto que darte\u00bb, \u00abDame cari\u00f1o\u00bb. Entre los artistas: EL CANTO DEL LOCO, AMY WINEHOUSE, CHAMBAO, EL ARREBATO, ALASKA, ALEJANDRO SANZ, ALEX UBAGO, ALICIA KEYS, AMARAL, ANDRES CALAMARO, ANTONIO [&hellip;]<\/p>\n","protected":false},"featured_media":3342,"comment_status":"closed","ping_status":"closed","template":"","meta":{"om_disable_all_campaigns":false},"product_cat":[49],"product_tag":[210],"class_list":["post-3341","product","type-product","status-publish","has-post-thumbnail","hentry","product_cat-libreria-y-metodos","product_tag-libreria-y-metodos"],"aioseo_notices":[],"_links":{"self":[{"href":"https:\/\/www.musicalmollet.com\/index.php\/wp-json\/wp\/v2\/product\/3341","targetHints":{"allow":["GET"]}}],"collection":[{"href":"https:\/\/www.musicalmollet.com\/index.php\/wp-json\/wp\/v2\/product"}],"about":[{"href":"https:\/\/www.musicalmollet.com\/index.php\/wp-json\/wp\/v2\/types\/product"}],"replies":[{"embeddable":true,"href":"https:\/\/www.musicalmollet.com\/index.php\/wp-json\/wp\/v2\/comments?post=3341"}],"wp:featuredmedia":[{"embeddable":true,"href":"https:\/\/www.musicalmollet.com\/index.php\/wp-json\/wp\/v2\/media\/3342"}],"wp:attachment":[{"href":"https:\/\/www.musicalmollet.com\/index.php\/wp-json\/wp\/v2\/media?parent=3341"}],"wp:term":[{"taxonomy":"product_cat","embeddable":true,"href":"https:\/\/www.musicalmollet.com\/index.php\/wp-json\/wp\/v2\/product_cat?post=3341"},{"taxonomy":"product_tag","embeddable":true,"href":"https:\/\/www.musicalmollet.com\/index.php\/wp-json\/wp\/v2\/product_tag?post=3341"}],"curies":[{"name":"wp","href":"https:\/\/api.w.org\/{rel}","templated":true}]}}