{"id":3378,"date":"2019-07-05T20:38:09","date_gmt":"2019-07-05T18:38:09","guid":{"rendered":"http:\/\/www.musicalmollet.com\/?post_type=product&#038;p=3378"},"modified":"2019-07-06T13:39:28","modified_gmt":"2019-07-06T11:39:28","slug":"parche-evans-b08g1-genera-01-8","status":"publish","type":"product","link":"https:\/\/www.musicalmollet.com\/index.php\/producto\/parche-evans-b08g1-genera-01-8\/","title":{"rendered":"Parche Evans B08G1 Genera 01 8&#8243;"},"content":{"rendered":"<p>Este parche de una capa es perfecto para sacar toda la resonancia de tus tambores. Puedes tambi\u00e9n utilizarlos como resonantes de los toms.<br \/>\n \u2022Sonido abierto pero con control de armonicos<br \/>\n\u2022Fabricados en Estados Unidos<br \/>\n\u2022Utiliza la \u00faltima tecnolog\u00eda en fabricaci\u00f3n de parches<br \/>\n\u2022Acabado rugoso un poco deteriorado de estar en el almacen.<\/p>\n","protected":false},"excerpt":{"rendered":"<p>Este parche de una capa es perfecto para sacar toda la resonancia de tus tambores. Puedes tambi\u00e9n utilizarlos como resonantes de los toms. \u2022Sonido abierto pero con control de armonicos \u2022Fabricados en Estados Unidos \u2022Utiliza la \u00faltima tecnolog\u00eda en fabricaci\u00f3n de parches \u2022Acabado rugoso un poco deteriorado de estar en el almacen.<\/p>\n","protected":false},"featured_media":3379,"comment_status":"closed","ping_status":"closed","template":"","meta":{"om_disable_all_campaigns":false},"product_cat":[303],"product_tag":[264],"class_list":["post-3378","product","type-product","status-publish","has-post-thumbnail","hentry","product_cat-parches-accesoriobateria","product_tag-accesorios-de-bateria"],"aioseo_notices":[],"_links":{"self":[{"href":"https:\/\/www.musicalmollet.com\/index.php\/wp-json\/wp\/v2\/product\/3378","targetHints":{"allow":["GET"]}}],"collection":[{"href":"https:\/\/www.musicalmollet.com\/index.php\/wp-json\/wp\/v2\/product"}],"about":[{"href":"https:\/\/www.musicalmollet.com\/index.php\/wp-json\/wp\/v2\/types\/product"}],"replies":[{"embeddable":true,"href":"https:\/\/www.musicalmollet.com\/index.php\/wp-json\/wp\/v2\/comments?post=3378"}],"wp:featuredmedia":[{"embeddable":true,"href":"https:\/\/www.musicalmollet.com\/index.php\/wp-json\/wp\/v2\/media\/3379"}],"wp:attachment":[{"href":"https:\/\/www.musicalmollet.com\/index.php\/wp-json\/wp\/v2\/media?parent=3378"}],"wp:term":[{"taxonomy":"product_cat","embeddable":true,"href":"https:\/\/www.musicalmollet.com\/index.php\/wp-json\/wp\/v2\/product_cat?post=3378"},{"taxonomy":"product_tag","embeddable":true,"href":"https:\/\/www.musicalmollet.com\/index.php\/wp-json\/wp\/v2\/product_tag?post=3378"}],"curies":[{"name":"wp","href":"https:\/\/api.w.org\/{rel}","templated":true}]}}