{"id":3380,"date":"2019-07-06T12:25:53","date_gmt":"2019-07-06T10:25:53","guid":{"rendered":"http:\/\/www.musicalmollet.com\/?post_type=product&#038;p=3380"},"modified":"2025-05-12T19:22:35","modified_gmt":"2025-05-12T17:22:35","slug":"pastilla-amortiguador-sonido-moongel","status":"publish","type":"product","link":"https:\/\/www.musicalmollet.com\/index.php\/producto\/pastilla-amortiguador-sonido-moongel\/","title":{"rendered":"Pastilla amortiguador sonido MOONGEL"},"content":{"rendered":"<p>Elimina la resonancia no deseada<br \/>\n\u2022 Es lavable y reutilizable<br \/>\n\u2022 Puede ser utilizado en la bater\u00eda, cumbals y la mayor\u00eda de los instrumentos de percusi\u00f3n<br \/>\n\u2022 Almohadillas peque\u00f1as que no incomodan<br \/>\nCAJA 6 UNIDADES<\/p>\n","protected":false},"excerpt":{"rendered":"<p>Elimina la resonancia no deseada \u2022 Es lavable y reutilizable \u2022 Puede ser utilizado en la bater\u00eda, cumbals y la mayor\u00eda de los instrumentos de percusi\u00f3n \u2022 Almohadillas peque\u00f1as que no incomodan CAJA 6 UNIDADES<\/p>\n","protected":false},"featured_media":3381,"comment_status":"closed","ping_status":"closed","template":"","meta":{"om_disable_all_campaigns":false},"product_cat":[10],"product_tag":[264],"class_list":["post-3380","product","type-product","status-publish","has-post-thumbnail","hentry","product_cat-accesoriobateria","product_tag-accesorios-de-bateria"],"aioseo_notices":[],"_links":{"self":[{"href":"https:\/\/www.musicalmollet.com\/index.php\/wp-json\/wp\/v2\/product\/3380","targetHints":{"allow":["GET"]}}],"collection":[{"href":"https:\/\/www.musicalmollet.com\/index.php\/wp-json\/wp\/v2\/product"}],"about":[{"href":"https:\/\/www.musicalmollet.com\/index.php\/wp-json\/wp\/v2\/types\/product"}],"replies":[{"embeddable":true,"href":"https:\/\/www.musicalmollet.com\/index.php\/wp-json\/wp\/v2\/comments?post=3380"}],"wp:featuredmedia":[{"embeddable":true,"href":"https:\/\/www.musicalmollet.com\/index.php\/wp-json\/wp\/v2\/media\/3381"}],"wp:attachment":[{"href":"https:\/\/www.musicalmollet.com\/index.php\/wp-json\/wp\/v2\/media?parent=3380"}],"wp:term":[{"taxonomy":"product_cat","embeddable":true,"href":"https:\/\/www.musicalmollet.com\/index.php\/wp-json\/wp\/v2\/product_cat?post=3380"},{"taxonomy":"product_tag","embeddable":true,"href":"https:\/\/www.musicalmollet.com\/index.php\/wp-json\/wp\/v2\/product_tag?post=3380"}],"curies":[{"name":"wp","href":"https:\/\/api.w.org\/{rel}","templated":true}]}}