{"id":3392,"date":"2022-03-19T12:39:10","date_gmt":"2022-03-19T11:39:10","guid":{"rendered":"http:\/\/www.musicalmollet.com\/?post_type=product&#038;p=3392"},"modified":"2023-02-23T12:15:32","modified_gmt":"2023-02-23T11:15:32","slug":"fem-musica-amb-els-bum-bum","status":"publish","type":"product","link":"https:\/\/www.musicalmollet.com\/index.php\/producto\/fem-musica-amb-els-bum-bum\/","title":{"rendered":"Fem m\u00fasica amb els Bum-Bum 5 A\u00d1OS"},"content":{"rendered":"<p>Fem m\u00fasica amb els Bum-Bum. Educaci\u00f3 Infantil. Parvulari 5 anys. Alumne Tapa blanda \u2013<\/p>\n","protected":false},"excerpt":{"rendered":"<p>SOLO QUEDA UN EJEMPLAR EN EXISTENCIAS<\/p>\n","protected":false},"featured_media":3393,"comment_status":"closed","ping_status":"closed","template":"","meta":{"om_disable_all_campaigns":false},"product_cat":[49],"product_tag":[210],"class_list":["post-3392","product","type-product","status-publish","has-post-thumbnail","hentry","product_cat-libreria-y-metodos","product_tag-libreria-y-metodos"],"aioseo_notices":[],"_links":{"self":[{"href":"https:\/\/www.musicalmollet.com\/index.php\/wp-json\/wp\/v2\/product\/3392","targetHints":{"allow":["GET"]}}],"collection":[{"href":"https:\/\/www.musicalmollet.com\/index.php\/wp-json\/wp\/v2\/product"}],"about":[{"href":"https:\/\/www.musicalmollet.com\/index.php\/wp-json\/wp\/v2\/types\/product"}],"replies":[{"embeddable":true,"href":"https:\/\/www.musicalmollet.com\/index.php\/wp-json\/wp\/v2\/comments?post=3392"}],"wp:featuredmedia":[{"embeddable":true,"href":"https:\/\/www.musicalmollet.com\/index.php\/wp-json\/wp\/v2\/media\/3393"}],"wp:attachment":[{"href":"https:\/\/www.musicalmollet.com\/index.php\/wp-json\/wp\/v2\/media?parent=3392"}],"wp:term":[{"taxonomy":"product_cat","embeddable":true,"href":"https:\/\/www.musicalmollet.com\/index.php\/wp-json\/wp\/v2\/product_cat?post=3392"},{"taxonomy":"product_tag","embeddable":true,"href":"https:\/\/www.musicalmollet.com\/index.php\/wp-json\/wp\/v2\/product_tag?post=3392"}],"curies":[{"name":"wp","href":"https:\/\/api.w.org\/{rel}","templated":true}]}}