{"id":3424,"date":"2023-06-14T19:21:24","date_gmt":"2023-06-14T17:21:24","guid":{"rendered":"http:\/\/www.musicalmollet.com\/?post_type=product&#038;p=3424"},"modified":"2023-06-14T12:36:53","modified_gmt":"2023-06-14T10:36:53","slug":"pedal-mooer-acoustikar-simulador","status":"publish","type":"product","link":"https:\/\/www.musicalmollet.com\/index.php\/producto\/pedal-mooer-acoustikar-simulador\/","title":{"rendered":"Pedal Mooer Acoustikar Simulador"},"content":{"rendered":"<p>Comprar MOOER ACOUSTIKAR PEDAL SIMULADOR GUITARRA ACUSTICA<\/p>\n<p>Marca:  MOOER <\/p>\n<p>MOOER ACOUSTIKAR. Pedal de la serie Micro que convierte de forma anal\u00f3gica la se\u00f1al de la guitarra el\u00e9ctrica para tener sonidos de guitarra ac\u00fastica. True bypass.<\/p>\n","protected":false},"excerpt":{"rendered":"<p>Comprar MOOER ACOUSTIKAR PEDAL SIMULADOR GUITARRA ACUSTICA Marca: MOOER MOOER ACOUSTIKAR. Pedal de la serie Micro que convierte de forma anal\u00f3gica la se\u00f1al de la guitarra el\u00e9ctrica para tener sonidos de guitarra ac\u00fastica. True bypass.<\/p>\n","protected":false},"featured_media":3425,"comment_status":"closed","ping_status":"closed","template":"","meta":{"om_disable_all_campaigns":false},"product_cat":[36,57],"product_tag":[],"class_list":["post-3424","product","type-product","status-publish","has-post-thumbnail","hentry","product_cat-efectos","product_cat-pedales-de-efectos"],"aioseo_notices":[],"_links":{"self":[{"href":"https:\/\/www.musicalmollet.com\/index.php\/wp-json\/wp\/v2\/product\/3424","targetHints":{"allow":["GET"]}}],"collection":[{"href":"https:\/\/www.musicalmollet.com\/index.php\/wp-json\/wp\/v2\/product"}],"about":[{"href":"https:\/\/www.musicalmollet.com\/index.php\/wp-json\/wp\/v2\/types\/product"}],"replies":[{"embeddable":true,"href":"https:\/\/www.musicalmollet.com\/index.php\/wp-json\/wp\/v2\/comments?post=3424"}],"wp:featuredmedia":[{"embeddable":true,"href":"https:\/\/www.musicalmollet.com\/index.php\/wp-json\/wp\/v2\/media\/3425"}],"wp:attachment":[{"href":"https:\/\/www.musicalmollet.com\/index.php\/wp-json\/wp\/v2\/media?parent=3424"}],"wp:term":[{"taxonomy":"product_cat","embeddable":true,"href":"https:\/\/www.musicalmollet.com\/index.php\/wp-json\/wp\/v2\/product_cat?post=3424"},{"taxonomy":"product_tag","embeddable":true,"href":"https:\/\/www.musicalmollet.com\/index.php\/wp-json\/wp\/v2\/product_tag?post=3424"}],"curies":[{"name":"wp","href":"https:\/\/api.w.org\/{rel}","templated":true}]}}