{"id":3426,"date":"2024-08-23T19:35:15","date_gmt":"2024-08-23T17:35:15","guid":{"rendered":"http:\/\/www.musicalmollet.com\/?post_type=product&#038;p=3426"},"modified":"2026-02-02T19:54:27","modified_gmt":"2026-02-02T18:54:27","slug":"pedal-mooer-micro-looper","status":"publish","type":"product","link":"https:\/\/www.musicalmollet.com\/index.php\/producto\/pedal-mooer-micro-looper\/","title":{"rendered":"Pedal Mooer Micro Looper"},"content":{"rendered":"<p>\u2022Looper de tama\u00f1o reducido<br \/>\n\u202230 minutos de tiempo de grabaci\u00f3n<br \/>\n\u2022Frecuencia de muestreo de 32kHz<br \/>\n\u2022&#8217;Overdubbing&#8217; ilimitado<br \/>\n\u2022Reproducci\u00f3n sin p\u00e9rdida de calidad comparado con la grabaci\u00f3n<br \/>\n\u2022Volumen de reproducci\u00f3n ajustable a trav\u00e9s de control de nivel<br \/>\n\u2022Todas las funciones de grabaci\u00f3n\/reproducci\u00f3n pueden controlarse por footswitch<br \/>\n\u2022Almacenamiento autom\u00e1tico e ilimitado de grabaciones<br \/>\n\u2022Bypass aut\u00e9ntico<br \/>\n\u2022LED rojo o azul brillante de estado dependiente del modo de funcionamiento<br \/>\n\u2022Fuente de alimentaci\u00f3n de 9V DC opcional no incluido<br \/>\n\u2022Entrada y salida de 6.3mm mono jack est\u00e1ndar cada una<br \/>\n\u2022Carcasa met\u00e1lica<br \/>\n\u2022Dimensiones: 42 x 98 x 52mm (ancho x profundo x alto)<br \/>\n\u2022Peso: 170g<\/p>\n","protected":false},"excerpt":{"rendered":"<p>\u2022Looper de tama\u00f1o reducido \u202230 minutos de tiempo de grabaci\u00f3n \u2022Frecuencia de muestreo de 32kHz \u2022&#8217;Overdubbing&#8217; ilimitado \u2022Reproducci\u00f3n sin p\u00e9rdida de calidad comparado con la grabaci\u00f3n \u2022Volumen de reproducci\u00f3n ajustable a trav\u00e9s de control de nivel \u2022Todas las funciones de grabaci\u00f3n\/reproducci\u00f3n pueden controlarse por footswitch \u2022Almacenamiento autom\u00e1tico e ilimitado de grabaciones \u2022Bypass aut\u00e9ntico \u2022LED rojo [&hellip;]<\/p>\n","protected":false},"featured_media":3427,"comment_status":"closed","ping_status":"closed","template":"","meta":{"om_disable_all_campaigns":false},"product_cat":[57],"product_tag":[191],"class_list":["post-3426","product","type-product","status-publish","has-post-thumbnail","hentry","product_cat-pedales-de-efectos","product_tag-pedal"],"aioseo_notices":[],"_links":{"self":[{"href":"https:\/\/www.musicalmollet.com\/index.php\/wp-json\/wp\/v2\/product\/3426","targetHints":{"allow":["GET"]}}],"collection":[{"href":"https:\/\/www.musicalmollet.com\/index.php\/wp-json\/wp\/v2\/product"}],"about":[{"href":"https:\/\/www.musicalmollet.com\/index.php\/wp-json\/wp\/v2\/types\/product"}],"replies":[{"embeddable":true,"href":"https:\/\/www.musicalmollet.com\/index.php\/wp-json\/wp\/v2\/comments?post=3426"}],"wp:featuredmedia":[{"embeddable":true,"href":"https:\/\/www.musicalmollet.com\/index.php\/wp-json\/wp\/v2\/media\/3427"}],"wp:attachment":[{"href":"https:\/\/www.musicalmollet.com\/index.php\/wp-json\/wp\/v2\/media?parent=3426"}],"wp:term":[{"taxonomy":"product_cat","embeddable":true,"href":"https:\/\/www.musicalmollet.com\/index.php\/wp-json\/wp\/v2\/product_cat?post=3426"},{"taxonomy":"product_tag","embeddable":true,"href":"https:\/\/www.musicalmollet.com\/index.php\/wp-json\/wp\/v2\/product_tag?post=3426"}],"curies":[{"name":"wp","href":"https:\/\/api.w.org\/{rel}","templated":true}]}}