{"id":3456,"date":"2025-09-04T11:58:49","date_gmt":"2025-09-04T09:58:49","guid":{"rendered":"http:\/\/www.musicalmollet.com\/?post_type=product&#038;p=3456"},"modified":"2025-09-18T13:23:04","modified_gmt":"2025-09-18T11:23:04","slug":"la-flauta-travesera-isabelle-ory-vol-2","status":"publish","type":"product","link":"https:\/\/www.musicalmollet.com\/index.php\/producto\/la-flauta-travesera-isabelle-ory-vol-2\/","title":{"rendered":"La Flauta Travesera Isabelle Ory vol. 2"},"content":{"rendered":"<p>Libro<\/p>\n<p>La flauta travesera Vol. 2, de I. Ory<\/p>\n<p>T\u00edtulo: \u00abLa flauta Travesera\u00bbVol. 2. Autor: Isabelle Ory. Editorial: Das\u00ed-Flautas. Edici\u00f3n Espa\u00f1ol\/Italiano. Pags. 132 ISBN: 978-84-611-6140-9 Precio: \u20ac 29,50<\/p>\n<p>T\u00edtulo: \u00abLa flauta Travesera\u00bbVol. 2<br \/>\nAutor: Isabelle Ory<br \/>\nEditorial: Das\u00ed-Flautas<br \/>\nEdici\u00f3n Espa\u00f1ol\/Italiano<br \/>\nPags. 132<br \/>\nISBN: 978-84-611-6140-9<\/p>\n","protected":false},"excerpt":{"rendered":"<p>Libro La flauta travesera Vol. 2, de I. Ory T\u00edtulo: \u00abLa flauta Travesera\u00bbVol. 2. Autor: Isabelle Ory. Editorial: Das\u00ed-Flautas. Edici\u00f3n Espa\u00f1ol\/Italiano. Pags. 132 ISBN: 978-84-611-6140-9 Precio: \u20ac 29,50 T\u00edtulo: \u00abLa flauta Travesera\u00bbVol. 2 Autor: Isabelle Ory Editorial: Das\u00ed-Flautas Edici\u00f3n Espa\u00f1ol\/Italiano Pags. 132 ISBN: 978-84-611-6140-9<\/p>\n","protected":false},"featured_media":3457,"comment_status":"closed","ping_status":"closed","template":"","meta":{"om_disable_all_campaigns":false},"product_cat":[49],"product_tag":[210],"class_list":["post-3456","product","type-product","status-publish","has-post-thumbnail","hentry","product_cat-libreria-y-metodos","product_tag-libreria-y-metodos"],"aioseo_notices":[],"_links":{"self":[{"href":"https:\/\/www.musicalmollet.com\/index.php\/wp-json\/wp\/v2\/product\/3456","targetHints":{"allow":["GET"]}}],"collection":[{"href":"https:\/\/www.musicalmollet.com\/index.php\/wp-json\/wp\/v2\/product"}],"about":[{"href":"https:\/\/www.musicalmollet.com\/index.php\/wp-json\/wp\/v2\/types\/product"}],"replies":[{"embeddable":true,"href":"https:\/\/www.musicalmollet.com\/index.php\/wp-json\/wp\/v2\/comments?post=3456"}],"wp:featuredmedia":[{"embeddable":true,"href":"https:\/\/www.musicalmollet.com\/index.php\/wp-json\/wp\/v2\/media\/3457"}],"wp:attachment":[{"href":"https:\/\/www.musicalmollet.com\/index.php\/wp-json\/wp\/v2\/media?parent=3456"}],"wp:term":[{"taxonomy":"product_cat","embeddable":true,"href":"https:\/\/www.musicalmollet.com\/index.php\/wp-json\/wp\/v2\/product_cat?post=3456"},{"taxonomy":"product_tag","embeddable":true,"href":"https:\/\/www.musicalmollet.com\/index.php\/wp-json\/wp\/v2\/product_tag?post=3456"}],"curies":[{"name":"wp","href":"https:\/\/api.w.org\/{rel}","templated":true}]}}