{"id":3635,"date":"2019-08-27T17:58:01","date_gmt":"2019-08-27T15:58:01","guid":{"rendered":"http:\/\/www.musicalmollet.com\/?post_type=product&#038;p=3635"},"modified":"2021-07-20T18:01:25","modified_gmt":"2021-07-20T16:01:25","slug":"microjazz-collection-1","status":"publish","type":"product","link":"https:\/\/www.musicalmollet.com\/index.php\/producto\/microjazz-collection-1\/","title":{"rendered":"Microjazz Collection 1"},"content":{"rendered":"<p>Boosey &#038; Hawkes <\/p>\n<p>Boosey &#038; Hawkes The Micro\u00adjazz Collec\u00adtion 1<\/p>\n<p>18,40 \u20ac <\/p>\n<p>Por Christopher Norton<\/p>\n<p>Piezas f\u00e1ciles y ejercicios en estilos modernos como el Jazz, Blues o Rock&#8217;n&#8217;Roll<\/p>\n<p>Edici\u00f3n revisada<\/p>\n<p>Reedici\u00f3n<\/p>\n<p>Una mezcla de m\u00fasica pop contempor\u00e1nea y tradici\u00f3n cl\u00e1sica<\/p>\n","protected":false},"excerpt":{"rendered":"<p>Disponibles 2 unidades<\/p>\n","protected":false},"featured_media":3636,"comment_status":"closed","ping_status":"closed","template":"","meta":{"om_disable_all_campaigns":false},"product_cat":[49],"product_tag":[210],"class_list":["post-3635","product","type-product","status-publish","has-post-thumbnail","hentry","product_cat-libreria-y-metodos","product_tag-libreria-y-metodos"],"aioseo_notices":[],"_links":{"self":[{"href":"https:\/\/www.musicalmollet.com\/index.php\/wp-json\/wp\/v2\/product\/3635","targetHints":{"allow":["GET"]}}],"collection":[{"href":"https:\/\/www.musicalmollet.com\/index.php\/wp-json\/wp\/v2\/product"}],"about":[{"href":"https:\/\/www.musicalmollet.com\/index.php\/wp-json\/wp\/v2\/types\/product"}],"replies":[{"embeddable":true,"href":"https:\/\/www.musicalmollet.com\/index.php\/wp-json\/wp\/v2\/comments?post=3635"}],"wp:featuredmedia":[{"embeddable":true,"href":"https:\/\/www.musicalmollet.com\/index.php\/wp-json\/wp\/v2\/media\/3636"}],"wp:attachment":[{"href":"https:\/\/www.musicalmollet.com\/index.php\/wp-json\/wp\/v2\/media?parent=3635"}],"wp:term":[{"taxonomy":"product_cat","embeddable":true,"href":"https:\/\/www.musicalmollet.com\/index.php\/wp-json\/wp\/v2\/product_cat?post=3635"},{"taxonomy":"product_tag","embeddable":true,"href":"https:\/\/www.musicalmollet.com\/index.php\/wp-json\/wp\/v2\/product_tag?post=3635"}],"curies":[{"name":"wp","href":"https:\/\/api.w.org\/{rel}","templated":true}]}}