{"id":3739,"date":"2019-09-10T18:55:59","date_gmt":"2019-09-10T16:55:59","guid":{"rendered":"http:\/\/www.musicalmollet.com\/?post_type=product&#038;p=3739"},"modified":"2019-09-10T18:56:00","modified_gmt":"2019-09-10T16:56:00","slug":"arco-violin-hohner-1-8","status":"publish","type":"product","link":"https:\/\/www.musicalmollet.com\/index.php\/producto\/arco-violin-hohner-1-8\/","title":{"rendered":"Arco Violin Hohner 1\/8"},"content":{"rendered":"<p>Alejar <\/p>\n<p>Aumentar  <\/p>\n<p>Arco Violin \u00abH\u00f6fner\u00bb AS23 1\/8<\/p>\n<p>N\u00ba PRODUCTO: AS23V18<\/p>\n<p>ARCOS SERIES CONSERVATORIO.<\/p>\n<p>Arcos octogonales de madera de Brasil.<\/p>\n<p>Varilla redonda en n\u00edquel-plata.<\/p>\n<p>Nuez de \u00e9bano con ojo \u00fanico.<\/p>\n<p>Deslizador en madreperla.<\/p>\n<p>Genuino pelo de caballo de Mongolia.<\/p>\n<p>Arco H\u00f6fner para viol\u00edn, 1\/8.<\/p>\n<p>49,00 \u20ac  <\/p>\n<p>(IVA incluido)  <\/p>\n<p>Pocas existencias Pocas existencias<\/p>\n","protected":false},"excerpt":{"rendered":"<p>Alejar Aumentar Arco Violin \u00abH\u00f6fner\u00bb AS23 1\/8 N\u00ba PRODUCTO: AS23V18 ARCOS SERIES CONSERVATORIO. Arcos octogonales de madera de Brasil. Varilla redonda en n\u00edquel-plata. Nuez de \u00e9bano con ojo \u00fanico. Deslizador en madreperla. Genuino pelo de caballo de Mongolia. Arco H\u00f6fner para viol\u00edn, 1\/8. 49,00 \u20ac (IVA incluido) Pocas existencias Pocas existencias<\/p>\n","protected":false},"featured_media":3740,"comment_status":"closed","ping_status":"closed","template":"","meta":{"om_disable_all_campaigns":false},"product_cat":[361,85],"product_tag":[268],"class_list":["post-3739","product","type-product","status-publish","has-post-thumbnail","hentry","product_cat-sin-categorizar","product_cat-accesorios-violin","product_tag-accesorios"],"aioseo_notices":[],"_links":{"self":[{"href":"https:\/\/www.musicalmollet.com\/index.php\/wp-json\/wp\/v2\/product\/3739","targetHints":{"allow":["GET"]}}],"collection":[{"href":"https:\/\/www.musicalmollet.com\/index.php\/wp-json\/wp\/v2\/product"}],"about":[{"href":"https:\/\/www.musicalmollet.com\/index.php\/wp-json\/wp\/v2\/types\/product"}],"replies":[{"embeddable":true,"href":"https:\/\/www.musicalmollet.com\/index.php\/wp-json\/wp\/v2\/comments?post=3739"}],"wp:featuredmedia":[{"embeddable":true,"href":"https:\/\/www.musicalmollet.com\/index.php\/wp-json\/wp\/v2\/media\/3740"}],"wp:attachment":[{"href":"https:\/\/www.musicalmollet.com\/index.php\/wp-json\/wp\/v2\/media?parent=3739"}],"wp:term":[{"taxonomy":"product_cat","embeddable":true,"href":"https:\/\/www.musicalmollet.com\/index.php\/wp-json\/wp\/v2\/product_cat?post=3739"},{"taxonomy":"product_tag","embeddable":true,"href":"https:\/\/www.musicalmollet.com\/index.php\/wp-json\/wp\/v2\/product_tag?post=3739"}],"curies":[{"name":"wp","href":"https:\/\/api.w.org\/{rel}","templated":true}]}}