{"id":3885,"date":"2023-09-20T20:02:46","date_gmt":"2023-09-20T18:02:46","guid":{"rendered":"http:\/\/www.musicalmollet.com\/?post_type=product&#038;p=3885"},"modified":"2023-09-20T11:30:14","modified_gmt":"2023-09-20T09:30:14","slug":"clarinete-jupiter-jcl-637n-sib","status":"publish","type":"product","link":"https:\/\/www.musicalmollet.com\/index.php\/producto\/clarinete-jupiter-jcl-637n-sib\/","title":{"rendered":"Clarinete Jupiter JCL 637N SIb"},"content":{"rendered":"<p>Ficha T\u00e9cnica<\/p>\n<p>JCL-637N Bb Clarinete &#8211; Cuerpo sint\u00e9tico en DURALENE&#x2122; con acabado matte imitaci\u00f3n madera. &#8211; 17 llaves. &#8211; Llaves, anillos y aro de la campana de fundici\u00f3n en niquel-silver. &#8211; Diametro interno (Bore): .583&#8243; \/ 14.81mm. &#8211; Llave de trino en Offset (desplazada). &#8211; Barril\/Barrilete de 65mm. &#8211; Llave de C\/G elevada, especialmente dise\u00f1ada. &#8211; Llave De G#\/A Individual. &#8211; Agujeros redondeados desde el interior. &#8211; Apoya pulgar ajustable. &#8211; Gancho para correa ajustable. &#8211; Incluye estuche r\u00edgido.<\/p>\n<h1 class=\"title-detail\">CLARINETE JUPITER JCL-637N <span class=\"label label-default arrowed\">Recomendado<\/span><\/h1>\n<p>Al estar fabricado en Composite tiene una especial resistencia lo que le convierte en un instrumento muy apreciado para Bandas y Escuelas de M\u00fasica. Mecanismo s\u00f3lido y suave, concebido para un f\u00e1cil montaje. De sonido agradable, con un registro grave bien definido y de f\u00e1cil emisi\u00f3n, este instrumento que adem\u00e1s asombra por su bajo precio.<\/p>\n","protected":false},"excerpt":{"rendered":"<p>Ficha T\u00e9cnica JCL-637N Bb Clarinete &#8211; Cuerpo sint\u00e9tico en DURALENE&#x2122; con acabado matte imitaci\u00f3n madera. &#8211; 17 llaves. &#8211; Llaves, anillos y aro de la campana de fundici\u00f3n en niquel-silver. &#8211; Diametro interno (Bore): .583&#8243; \/ 14.81mm. &#8211; Llave de trino en Offset (desplazada). &#8211; Barril\/Barrilete de 65mm. &#8211; Llave de C\/G elevada, especialmente dise\u00f1ada. [&hellip;]<\/p>\n","protected":false},"featured_media":3886,"comment_status":"closed","ping_status":"closed","template":"","meta":{"om_disable_all_campaigns":false},"product_cat":[117],"product_tag":[150],"class_list":["post-3885","product","type-product","status-publish","has-post-thumbnail","hentry","product_cat-clarinete","product_tag-clarinete"],"aioseo_notices":[],"_links":{"self":[{"href":"https:\/\/www.musicalmollet.com\/index.php\/wp-json\/wp\/v2\/product\/3885","targetHints":{"allow":["GET"]}}],"collection":[{"href":"https:\/\/www.musicalmollet.com\/index.php\/wp-json\/wp\/v2\/product"}],"about":[{"href":"https:\/\/www.musicalmollet.com\/index.php\/wp-json\/wp\/v2\/types\/product"}],"replies":[{"embeddable":true,"href":"https:\/\/www.musicalmollet.com\/index.php\/wp-json\/wp\/v2\/comments?post=3885"}],"wp:featuredmedia":[{"embeddable":true,"href":"https:\/\/www.musicalmollet.com\/index.php\/wp-json\/wp\/v2\/media\/3886"}],"wp:attachment":[{"href":"https:\/\/www.musicalmollet.com\/index.php\/wp-json\/wp\/v2\/media?parent=3885"}],"wp:term":[{"taxonomy":"product_cat","embeddable":true,"href":"https:\/\/www.musicalmollet.com\/index.php\/wp-json\/wp\/v2\/product_cat?post=3885"},{"taxonomy":"product_tag","embeddable":true,"href":"https:\/\/www.musicalmollet.com\/index.php\/wp-json\/wp\/v2\/product_tag?post=3885"}],"curies":[{"name":"wp","href":"https:\/\/api.w.org\/{rel}","templated":true}]}}