{"id":3929,"date":"2025-05-05T20:26:49","date_gmt":"2025-05-05T18:26:49","guid":{"rendered":"http:\/\/www.musicalmollet.com\/?post_type=product&#038;p=3929"},"modified":"2025-05-05T20:06:53","modified_gmt":"2025-05-05T18:06:53","slug":"amplificador-fenton-av100bt","status":"publish","type":"product","link":"https:\/\/www.musicalmollet.com\/index.php\/producto\/amplificador-fenton-av100bt\/","title":{"rendered":"Amplificador Fenton AV100BT"},"content":{"rendered":"<p>FENTON AV100BT<\/p>\n<p>Amplificador fabricado por Fenton de 2x50W con conexi\u00f3n Bluetooth y lector de USB y tarjetas SD, con control de tono y pantalla.<\/p>\n<p>Dispone de dos entradas de micr\u00f3fono con tono y echo.<\/p>\n<p>Caracter\u00edsticas:<br \/>\n\u2022Amplificador Hifi de 2x 50W<br \/>\n\u2022Utiliza tecnologia Bluetooth para audio streaming inalambrico<br \/>\n\u2022USB\/SD Card<br \/>\n\u2022VUmeter de LED<br \/>\n\u2022Echo y graves\/agudos<br \/>\n\u2022Entrada de linea<br \/>\n\u2022Dos entradas de microfono<\/p>\n","protected":false},"excerpt":{"rendered":"<p>FENTON AV100BT Amplificador fabricado por Fenton de 2x50W con conexi\u00f3n Bluetooth y lector de USB y tarjetas SD, con control de tono y pantalla. Dispone de dos entradas de micr\u00f3fono con tono y echo. Caracter\u00edsticas: \u2022Amplificador Hifi de 2x 50W \u2022Utiliza tecnologia Bluetooth para audio streaming inalambrico \u2022USB\/SD Card \u2022VUmeter de LED \u2022Echo y graves\/agudos [&hellip;]<\/p>\n","protected":false},"featured_media":3930,"comment_status":"closed","ping_status":"closed","template":"","meta":{"om_disable_all_campaigns":false},"product_cat":[111],"product_tag":[180],"class_list":["post-3929","product","type-product","status-publish","has-post-thumbnail","hentry","product_cat-amplificadores-hifi-y-dj","product_tag-hifi"],"aioseo_notices":[],"_links":{"self":[{"href":"https:\/\/www.musicalmollet.com\/index.php\/wp-json\/wp\/v2\/product\/3929","targetHints":{"allow":["GET"]}}],"collection":[{"href":"https:\/\/www.musicalmollet.com\/index.php\/wp-json\/wp\/v2\/product"}],"about":[{"href":"https:\/\/www.musicalmollet.com\/index.php\/wp-json\/wp\/v2\/types\/product"}],"replies":[{"embeddable":true,"href":"https:\/\/www.musicalmollet.com\/index.php\/wp-json\/wp\/v2\/comments?post=3929"}],"wp:featuredmedia":[{"embeddable":true,"href":"https:\/\/www.musicalmollet.com\/index.php\/wp-json\/wp\/v2\/media\/3930"}],"wp:attachment":[{"href":"https:\/\/www.musicalmollet.com\/index.php\/wp-json\/wp\/v2\/media?parent=3929"}],"wp:term":[{"taxonomy":"product_cat","embeddable":true,"href":"https:\/\/www.musicalmollet.com\/index.php\/wp-json\/wp\/v2\/product_cat?post=3929"},{"taxonomy":"product_tag","embeddable":true,"href":"https:\/\/www.musicalmollet.com\/index.php\/wp-json\/wp\/v2\/product_tag?post=3929"}],"curies":[{"name":"wp","href":"https:\/\/api.w.org\/{rel}","templated":true}]}}