{"id":3991,"date":"2024-05-24T17:34:07","date_gmt":"2024-05-24T15:34:07","guid":{"rendered":"http:\/\/www.musicalmollet.com\/?post_type=product&#038;p=3991"},"modified":"2024-05-24T12:17:09","modified_gmt":"2024-05-24T10:17:09","slug":"cencerro-lp-salsa-claro-es13","status":"publish","type":"product","link":"https:\/\/www.musicalmollet.com\/index.php\/producto\/cencerro-lp-salsa-claro-es13\/","title":{"rendered":"Cencerro LP Salsa Claro ES13"},"content":{"rendered":"<div id=\"st-container\" class=\"st-container st-effect-0\">\n<div class=\"st-pusher\">\n<div class=\"st-content\">\n<div class=\"st-content-inner\">\n<div id=\"body_wrapper\">\n<div class=\"columns-container\">\n<div id=\"columns\" class=\"container\">\n<div class=\"row\">\n<div id=\"center_column\" class=\"center_column col-xs-12 col-sm-12\">\n<div>\n<div class=\"primary_block row\">\n<form id=\"buy_block\" action=\"https:\/\/www.malaga8.com\/carrito\" method=\"post\">\n<div class=\"pb-center-column col-xs-12 col-sm-6 col-md-8\">\n<div id=\"right_more_info_block\">\n<div id=\"more_info_block\">\n<div id=\"more_info_sheets\" class=\"sheets align_justify\">\n<div id=\"idTab1\" class=\"rte product_accordion open\">\n<div class=\"pa_content\">\n<div class=\"rte\">Cencerro LP ES-13 Salsa Claro<br \/>\nLos cencerros de la serie Salsa Cowbells LP han sido dise\u00f1ados espec\u00edficamente para usarlos en m\u00fasica latina. Nos ofrecen un gran volumen para actuaciones en vivo son excelentes para a\u00f1adir a cualquier set de bater\u00eda o percusi\u00f3n. Estos cencerros son los preferidos para la mayor\u00eda de los percusionistas de m\u00fasica latina en todo el mundo. Fabricado en Estados Unidos con acero primerisima calidad. Timbre vivo y rico en sobretonos. Afinacion baja.<\/div>\n<\/div>\n<\/div>\n<\/div>\n<\/div>\n<\/div>\n<\/div>\n<\/form>\n<\/div>\n<\/div>\n<\/div>\n<\/div>\n<\/div>\n<\/div>\n<\/div>\n<\/div>\n<\/div>\n<\/div>\n<\/div>\n","protected":false},"excerpt":{"rendered":"<p>Cencerro LP ES-13 Salsa Claro Los cencerros de la serie Salsa Cowbells LP han sido dise\u00f1ados espec\u00edficamente para usarlos en m\u00fasica latina. Nos ofrecen un gran volumen para actuaciones en vivo son excelentes para a\u00f1adir a cualquier set de bater\u00eda o percusi\u00f3n. Estos cencerros son los preferidos para la mayor\u00eda de los percusionistas de m\u00fasica [&hellip;]<\/p>\n","protected":false},"featured_media":3992,"comment_status":"closed","ping_status":"closed","template":"","meta":{"om_disable_all_campaigns":false},"product_cat":[123],"product_tag":[193],"class_list":["post-3991","product","type-product","status-publish","has-post-thumbnail","hentry","product_cat-cencerros","product_tag-percusion"],"aioseo_notices":[],"_links":{"self":[{"href":"https:\/\/www.musicalmollet.com\/index.php\/wp-json\/wp\/v2\/product\/3991","targetHints":{"allow":["GET"]}}],"collection":[{"href":"https:\/\/www.musicalmollet.com\/index.php\/wp-json\/wp\/v2\/product"}],"about":[{"href":"https:\/\/www.musicalmollet.com\/index.php\/wp-json\/wp\/v2\/types\/product"}],"replies":[{"embeddable":true,"href":"https:\/\/www.musicalmollet.com\/index.php\/wp-json\/wp\/v2\/comments?post=3991"}],"wp:featuredmedia":[{"embeddable":true,"href":"https:\/\/www.musicalmollet.com\/index.php\/wp-json\/wp\/v2\/media\/3992"}],"wp:attachment":[{"href":"https:\/\/www.musicalmollet.com\/index.php\/wp-json\/wp\/v2\/media?parent=3991"}],"wp:term":[{"taxonomy":"product_cat","embeddable":true,"href":"https:\/\/www.musicalmollet.com\/index.php\/wp-json\/wp\/v2\/product_cat?post=3991"},{"taxonomy":"product_tag","embeddable":true,"href":"https:\/\/www.musicalmollet.com\/index.php\/wp-json\/wp\/v2\/product_tag?post=3991"}],"curies":[{"name":"wp","href":"https:\/\/api.w.org\/{rel}","templated":true}]}}