{"id":4009,"date":"2020-02-15T13:07:47","date_gmt":"2020-02-15T12:07:47","guid":{"rendered":"http:\/\/www.musicalmollet.com\/?post_type=product&#038;p=4009"},"modified":"2020-02-15T13:07:49","modified_gmt":"2020-02-15T12:07:49","slug":"parche-remo-20-pinstripe","status":"publish","type":"product","link":"https:\/\/www.musicalmollet.com\/index.php\/producto\/parche-remo-20-pinstripe\/","title":{"rendered":"Parche Remo 20&#8243; Pinstripe"},"content":{"rendered":"<div class=\"single-column-responsive-layout style-alt\">\n<div class=\"container-fluid pdp-page content hide-on-search\">\n<div class=\"row\">\n<div class=\"col-xs-12\">\n<div class=\"row pdp-product-block\">\n<div class=\"pdp-details product-details col-xs-6\">\n<div class=\"quick-info-container\">\n<div class=\"quick-info\">\n<div class=\"quick-info-header\">\n<h3>Caracter\u00edsticas principales<\/h3>\n<\/div>\n<div class=\"quick-info-content\">\n<ul class=\"list\">\n<li>Dise\u00f1o transparente de 20&#8243; de alta calidad<\/li>\n<li>Dual Ply, 7-mil Film Construction<\/li>\n<li>Agente reductor de arm\u00f3nicos aplicado entre las dos capas<\/li>\n<li>El agente reductor reduce los arm\u00f3nicos, aumenta el ataque y la durabilidad<\/li>\n<li>Ideal para Pop, Rock &amp; Grunge<\/li>\n<\/ul>\n<\/div>\n<\/div>\n<\/div>\n<\/div>\n<\/div>\n<\/div>\n<\/div>\n<\/div>\n<\/div>\n","protected":false},"excerpt":{"rendered":"<p>Caracter\u00edsticas principales Dise\u00f1o transparente de 20&#8243; de alta calidad Dual Ply, 7-mil Film Construction Agente reductor de arm\u00f3nicos aplicado entre las dos capas El agente reductor reduce los arm\u00f3nicos, aumenta el ataque y la durabilidad Ideal para Pop, Rock &amp; Grunge<\/p>\n","protected":false},"featured_media":4010,"comment_status":"closed","ping_status":"closed","template":"","meta":{"om_disable_all_campaigns":false},"product_cat":[56],"product_tag":[328],"class_list":["post-4009","product","type-product","status-publish","has-post-thumbnail","hentry","product_cat-parches","product_tag-parches"],"aioseo_notices":[],"_links":{"self":[{"href":"https:\/\/www.musicalmollet.com\/index.php\/wp-json\/wp\/v2\/product\/4009","targetHints":{"allow":["GET"]}}],"collection":[{"href":"https:\/\/www.musicalmollet.com\/index.php\/wp-json\/wp\/v2\/product"}],"about":[{"href":"https:\/\/www.musicalmollet.com\/index.php\/wp-json\/wp\/v2\/types\/product"}],"replies":[{"embeddable":true,"href":"https:\/\/www.musicalmollet.com\/index.php\/wp-json\/wp\/v2\/comments?post=4009"}],"wp:featuredmedia":[{"embeddable":true,"href":"https:\/\/www.musicalmollet.com\/index.php\/wp-json\/wp\/v2\/media\/4010"}],"wp:attachment":[{"href":"https:\/\/www.musicalmollet.com\/index.php\/wp-json\/wp\/v2\/media?parent=4009"}],"wp:term":[{"taxonomy":"product_cat","embeddable":true,"href":"https:\/\/www.musicalmollet.com\/index.php\/wp-json\/wp\/v2\/product_cat?post=4009"},{"taxonomy":"product_tag","embeddable":true,"href":"https:\/\/www.musicalmollet.com\/index.php\/wp-json\/wp\/v2\/product_tag?post=4009"}],"curies":[{"name":"wp","href":"https:\/\/api.w.org\/{rel}","templated":true}]}}