{"id":4112,"date":"2020-05-21T12:23:18","date_gmt":"2020-05-21T10:23:18","guid":{"rendered":"http:\/\/www.musicalmollet.com\/?post_type=product&#038;p=4112"},"modified":"2020-05-21T12:23:20","modified_gmt":"2020-05-21T10:23:20","slug":"correa-batukada-ref-739-m","status":"publish","type":"product","link":"https:\/\/www.musicalmollet.com\/index.php\/producto\/correa-batukada-ref-739-m\/","title":{"rendered":"Correa Batukada Ref. 739-M"},"content":{"rendered":"<section class=\"page-product-box\">\n<h3 class=\"page-product-heading\">M\u00e1s informaci\u00f3n<\/h3>\n<div class=\"rte\">Correas de nylon gris acolchadas batucada. Con cierre de seguridad y cierre velcro. Dos mosquet\u00f3nes met\u00e1licos y correderas.Largo cintura: m\u00ednimo 85cm-m\u00e1ximo 100cm. Para timbas, surdos, repeniques, tambores, etc.<\/div>\n<\/section>\n","protected":false},"excerpt":{"rendered":"<p>M\u00e1s informaci\u00f3n Correas de nylon gris acolchadas batucada. Con cierre de seguridad y cierre velcro. Dos mosquet\u00f3nes met\u00e1licos y correderas.Largo cintura: m\u00ednimo 85cm-m\u00e1ximo 100cm. Para timbas, surdos, repeniques, tambores, etc.<\/p>\n","protected":false},"featured_media":4113,"comment_status":"closed","ping_status":"closed","template":"","meta":{"om_disable_all_campaigns":false},"product_cat":[296],"product_tag":[297],"class_list":["post-4112","product","type-product","status-publish","has-post-thumbnail","hentry","product_cat-correas-y-bandoleras","product_tag-correas"],"aioseo_notices":[],"_links":{"self":[{"href":"https:\/\/www.musicalmollet.com\/index.php\/wp-json\/wp\/v2\/product\/4112","targetHints":{"allow":["GET"]}}],"collection":[{"href":"https:\/\/www.musicalmollet.com\/index.php\/wp-json\/wp\/v2\/product"}],"about":[{"href":"https:\/\/www.musicalmollet.com\/index.php\/wp-json\/wp\/v2\/types\/product"}],"replies":[{"embeddable":true,"href":"https:\/\/www.musicalmollet.com\/index.php\/wp-json\/wp\/v2\/comments?post=4112"}],"wp:featuredmedia":[{"embeddable":true,"href":"https:\/\/www.musicalmollet.com\/index.php\/wp-json\/wp\/v2\/media\/4113"}],"wp:attachment":[{"href":"https:\/\/www.musicalmollet.com\/index.php\/wp-json\/wp\/v2\/media?parent=4112"}],"wp:term":[{"taxonomy":"product_cat","embeddable":true,"href":"https:\/\/www.musicalmollet.com\/index.php\/wp-json\/wp\/v2\/product_cat?post=4112"},{"taxonomy":"product_tag","embeddable":true,"href":"https:\/\/www.musicalmollet.com\/index.php\/wp-json\/wp\/v2\/product_tag?post=4112"}],"curies":[{"name":"wp","href":"https:\/\/api.w.org\/{rel}","templated":true}]}}