{"id":4140,"date":"2025-05-31T12:14:51","date_gmt":"2025-05-31T10:14:51","guid":{"rendered":"http:\/\/www.musicalmollet.com\/?post_type=product&#038;p=4140"},"modified":"2025-05-31T13:40:20","modified_gmt":"2025-05-31T11:40:20","slug":"mesa-behringer-xenyx-q1204usb-2","status":"publish","type":"product","link":"https:\/\/www.musicalmollet.com\/index.php\/producto\/mesa-behringer-xenyx-q1204usb-2\/","title":{"rendered":"Mesa Behringer Xenyx Q1204USB"},"content":{"rendered":"<h2>Caracter\u00edsticas<\/h2>\n<ul>\n<li>Mezclador anal\u00f3gico de alto nivel de ruido y altura de la cabeza.<\/li>\n<li>4 preamplificadores de micr\u00f3fono XENYX de \u00faltima generaci\u00f3n, alimentados por fantasmas, comparables a los preamplificadores de las tiendas independientes.<\/li>\n<li>4 compresores de estudio con funcionalidad intuitiva de \u00bbuna bot\u00f3n\u00bb y LED de control para el sonido profesional vocal e instrumental<\/li>\n<li>\u00abInal\u00e1mbrico listo\u00bb para ser usado con Behringer del sistema digital inal\u00e1mbrico de la compa\u00f1\u00eda (no incluido)<\/li>\n<li>Interfaz de audio\/USB est\u00e9reo incorporado para conectar directamente a la ordenador<\/li>\n<li>Software gratuito de grabaci\u00f3n, edici\u00f3n y podifusi\u00f3n de audio, m\u00e1s 150 plug-ins de instrumentos\/efectos y un controlador de latencia ultra baja que se puede descargar en www.behringer.com.<\/li>\n<li>EQs neocl\u00e1sicos \u00abbrit\u00e1nicos\u00bb de 3 bandas para un sonido c\u00e1lido y musical.<\/li>\n<li>2 env\u00edos auxiliares por canal: 1 pre-fader para aplicaciones de monitoreo y 1 post-fader para dispositivos FX externos<\/li>\n<li>LEDs de clip y funci\u00f3n mute\/alt 3-4 en todos los canales<\/li>\n<li>2 subgrupos con salidas separadas para una mayor flexibilidad de enrutamiento<\/li>\n<li>2 retornos auxiliares est\u00e9reo multifuncionales con enrutamiento flexible<\/li>\n<li>Salidas de mezcla principal balanceadas con conectores XLR chapados en oro, m\u00e1s sala de control separada, auriculares y salidas de 2 pistas<\/li>\n<li>Salida de sala de control\/tel\u00e9fonos con matriz de fuente de entrada m\u00faltiple<\/li>\n<li>Faders logar\u00edtmicos de 60 mm de largo y controles rotativos sellados<\/li>\n<li>Fuente de alimentaci\u00f3n conmutada \u00abPlaneta Tierra\u00bb para una m\u00e1xima flexibilidad (100-240V ), audio libre de ruido, respuesta transitoria superior y bajo consumo de energ\u00eda para el ahorro de energ\u00eda.<\/li>\n<li>Dise\u00f1ado y fabricado en Alemania<\/li>\n<\/ul>\n","protected":false},"excerpt":{"rendered":"<p>Caracter\u00edsticas Mezclador anal\u00f3gico de alto nivel de ruido y altura de la cabeza. 4 preamplificadores de micr\u00f3fono XENYX de \u00faltima generaci\u00f3n, alimentados por fantasmas, comparables a los preamplificadores de las tiendas independientes. 4 compresores de estudio con funcionalidad intuitiva de \u00bbuna bot\u00f3n\u00bb y LED de control para el sonido profesional vocal e instrumental \u00abInal\u00e1mbrico listo\u00bb [&hellip;]<\/p>\n","protected":false},"featured_media":4141,"comment_status":"closed","ping_status":"closed","template":"","meta":{"om_disable_all_campaigns":false},"product_cat":[52],"product_tag":[176],"class_list":["post-4140","product","type-product","status-publish","has-post-thumbnail","hentry","product_cat-mesas-de-mezclas","product_tag-equipos"],"aioseo_notices":[],"_links":{"self":[{"href":"https:\/\/www.musicalmollet.com\/index.php\/wp-json\/wp\/v2\/product\/4140","targetHints":{"allow":["GET"]}}],"collection":[{"href":"https:\/\/www.musicalmollet.com\/index.php\/wp-json\/wp\/v2\/product"}],"about":[{"href":"https:\/\/www.musicalmollet.com\/index.php\/wp-json\/wp\/v2\/types\/product"}],"replies":[{"embeddable":true,"href":"https:\/\/www.musicalmollet.com\/index.php\/wp-json\/wp\/v2\/comments?post=4140"}],"wp:featuredmedia":[{"embeddable":true,"href":"https:\/\/www.musicalmollet.com\/index.php\/wp-json\/wp\/v2\/media\/4141"}],"wp:attachment":[{"href":"https:\/\/www.musicalmollet.com\/index.php\/wp-json\/wp\/v2\/media?parent=4140"}],"wp:term":[{"taxonomy":"product_cat","embeddable":true,"href":"https:\/\/www.musicalmollet.com\/index.php\/wp-json\/wp\/v2\/product_cat?post=4140"},{"taxonomy":"product_tag","embeddable":true,"href":"https:\/\/www.musicalmollet.com\/index.php\/wp-json\/wp\/v2\/product_tag?post=4140"}],"curies":[{"name":"wp","href":"https:\/\/api.w.org\/{rel}","templated":true}]}}