{"id":4155,"date":"2024-02-09T12:22:28","date_gmt":"2024-02-09T11:22:28","guid":{"rendered":"http:\/\/www.musicalmollet.com\/?post_type=product&#038;p=4155"},"modified":"2024-02-09T19:43:59","modified_gmt":"2024-02-09T18:43:59","slug":"guitarra-cort-cr100bk","status":"publish","type":"product","link":"https:\/\/www.musicalmollet.com\/index.php\/producto\/guitarra-cort-cr100bk\/","title":{"rendered":"Guitarra Cort CR100BK"},"content":{"rendered":"<h2 class=\"description text-normal margin-bottom-1x\">Informaci\u00f3n sobre Cort CR 100 BK<\/h2>\n<p>Guitarra el\u00e9ctrica Cort CR 100 BK dise\u00f1o cl\u00e1sico con cutaway. Cuerpo de caoba. M\u00e1stil bolt on de arce canadiense. Diapas\u00f3n de palo rosa. 22 trastes. Escala 24.75&#8243;. Pastillas Powersound PSLP-1F y PSLP-1R. configuraci\u00f3n H-H. Clavijeros Diecasting. Puente T.O.M.. Herrajes niquelados. Color Negro<\/p>\n","protected":false},"excerpt":{"rendered":"<p><img loading=\"lazy\" decoding=\"async\" class=\"aligncenter size-medium wp-image-4158\" src=\"http:\/\/www.musicalmollet.com\/wp-content\/uploads\/Soporte-guitarra-Admira-GS026-1-300x236.jpg\" alt=\"\" width=\"300\" height=\"236\" srcset=\"https:\/\/www.musicalmollet.com\/wp-content\/uploads\/Soporte-guitarra-Admira-GS026-1-300x236.jpg 300w, https:\/\/www.musicalmollet.com\/wp-content\/uploads\/Soporte-guitarra-Admira-GS026-1.jpg 376w\" sizes=\"auto, (max-width: 300px) 100vw, 300px\" \/><\/p>\n","protected":false},"featured_media":4156,"comment_status":"closed","ping_status":"closed","template":"","meta":{"om_disable_all_campaigns":false},"product_cat":[43],"product_tag":[71],"class_list":["post-4155","product","type-product","status-publish","has-post-thumbnail","hentry","product_cat-guitarra-electrica","product_tag-guitarra"],"aioseo_notices":[],"_links":{"self":[{"href":"https:\/\/www.musicalmollet.com\/index.php\/wp-json\/wp\/v2\/product\/4155","targetHints":{"allow":["GET"]}}],"collection":[{"href":"https:\/\/www.musicalmollet.com\/index.php\/wp-json\/wp\/v2\/product"}],"about":[{"href":"https:\/\/www.musicalmollet.com\/index.php\/wp-json\/wp\/v2\/types\/product"}],"replies":[{"embeddable":true,"href":"https:\/\/www.musicalmollet.com\/index.php\/wp-json\/wp\/v2\/comments?post=4155"}],"wp:featuredmedia":[{"embeddable":true,"href":"https:\/\/www.musicalmollet.com\/index.php\/wp-json\/wp\/v2\/media\/4156"}],"wp:attachment":[{"href":"https:\/\/www.musicalmollet.com\/index.php\/wp-json\/wp\/v2\/media?parent=4155"}],"wp:term":[{"taxonomy":"product_cat","embeddable":true,"href":"https:\/\/www.musicalmollet.com\/index.php\/wp-json\/wp\/v2\/product_cat?post=4155"},{"taxonomy":"product_tag","embeddable":true,"href":"https:\/\/www.musicalmollet.com\/index.php\/wp-json\/wp\/v2\/product_tag?post=4155"}],"curies":[{"name":"wp","href":"https:\/\/api.w.org\/{rel}","templated":true}]}}