{"id":4200,"date":"2020-06-08T18:19:00","date_gmt":"2020-06-08T16:19:00","guid":{"rendered":"http:\/\/www.musicalmollet.com\/?post_type=product&#038;p=4200"},"modified":"2020-06-08T18:41:04","modified_gmt":"2020-06-08T16:41:04","slug":"jam-block-lp-lp1208k","status":"publish","type":"product","link":"https:\/\/www.musicalmollet.com\/index.php\/producto\/jam-block-lp-lp1208k\/","title":{"rendered":"Jam Block LP LP1208K"},"content":{"rendered":"<h2 class=\"prod\">Jam Block<\/h2>\n<ul class=\"prod-features\">\n<li>\u00abBlack\u00bb<\/li>\n<li>Terminaci\u00f3n en negro con el logotipo de la marca en rojo<\/li>\n<li>Tonalidad media<\/li>\n<li>Incluye pinza de sujeci\u00f3n<\/li>\n<li>Versi\u00f3n moderna de los antiguos buenos bloques Wood Block de madera<\/li>\n<li>Fabricado de Jenigor, la f\u00f3rmula de pl\u00e1stico exclusiva de LP<\/li>\n<\/ul>\n","protected":false},"excerpt":{"rendered":"<p>Jam Block \u00abBlack\u00bb Terminaci\u00f3n en negro con el logotipo de la marca en rojo Tonalidad media Incluye pinza de sujeci\u00f3n Versi\u00f3n moderna de los antiguos buenos bloques Wood Block de madera Fabricado de Jenigor, la f\u00f3rmula de pl\u00e1stico exclusiva de LP<\/p>\n","protected":false},"featured_media":4201,"comment_status":"closed","ping_status":"closed","template":"","meta":{"om_disable_all_campaigns":false},"product_cat":[408],"product_tag":[264,193],"class_list":["post-4200","product","type-product","status-publish","has-post-thumbnail","hentry","product_cat-jam-block","product_tag-accesorios-de-bateria","product_tag-percusion"],"aioseo_notices":[],"_links":{"self":[{"href":"https:\/\/www.musicalmollet.com\/index.php\/wp-json\/wp\/v2\/product\/4200","targetHints":{"allow":["GET"]}}],"collection":[{"href":"https:\/\/www.musicalmollet.com\/index.php\/wp-json\/wp\/v2\/product"}],"about":[{"href":"https:\/\/www.musicalmollet.com\/index.php\/wp-json\/wp\/v2\/types\/product"}],"replies":[{"embeddable":true,"href":"https:\/\/www.musicalmollet.com\/index.php\/wp-json\/wp\/v2\/comments?post=4200"}],"wp:featuredmedia":[{"embeddable":true,"href":"https:\/\/www.musicalmollet.com\/index.php\/wp-json\/wp\/v2\/media\/4201"}],"wp:attachment":[{"href":"https:\/\/www.musicalmollet.com\/index.php\/wp-json\/wp\/v2\/media?parent=4200"}],"wp:term":[{"taxonomy":"product_cat","embeddable":true,"href":"https:\/\/www.musicalmollet.com\/index.php\/wp-json\/wp\/v2\/product_cat?post=4200"},{"taxonomy":"product_tag","embeddable":true,"href":"https:\/\/www.musicalmollet.com\/index.php\/wp-json\/wp\/v2\/product_tag?post=4200"}],"curies":[{"name":"wp","href":"https:\/\/api.w.org\/{rel}","templated":true}]}}