{"id":4277,"date":"2023-07-25T12:20:02","date_gmt":"2023-07-25T10:20:02","guid":{"rendered":"http:\/\/www.musicalmollet.com\/?post_type=product&#038;p=4277"},"modified":"2023-07-25T19:13:20","modified_gmt":"2023-07-25T17:13:20","slug":"cuerdas-viola-al200-3-4-thomastik-alphayue","status":"publish","type":"product","link":"https:\/\/www.musicalmollet.com\/index.php\/producto\/cuerdas-viola-al200-3-4-thomastik-alphayue\/","title":{"rendered":"Cuerdas Viola AL200 3\/4 Thomastik Alphayue"},"content":{"rendered":"<section class=\"field field-name-field-marca field-type-taxonomy-term-reference field-label-inline clearfix view-mode-full\">\n<h2 class=\"field-label\">Marca:<\/h2>\n<ul class=\"field-items\">\n<li class=\"field-item even\"><a href=\"https:\/\/www.trinomusic.com\/marca-instrumento-musical\/thomastik-infeld\">Thomastik-Infeld<\/a><\/li>\n<\/ul>\n<\/section>\n<div class=\"field field-name-body field-type-text-with-summary field-label-hidden view-mode-full\">\n<div class=\"field-items\">\n<div class=\"field-item even\">\n<p><strong>Cuerdas Viola Thomastik Alphayue AL200.\u00a0<\/strong>Las cuerdas Thomastik Alphayue\u00a0son unas cuerdas innovadoras para estudiantes de todos los niveles: \u00a1la opci\u00f3n n\u00famero uno para los aspirantes a artistas! ALPHAYUE se deleita con cualidades de sonido nunca antes disponibles a este precio. Un n\u00facleo sint\u00e9tico de alta tecnolog\u00eda combinado con la reconocida calidad Thomastik-Infeld ofrece una paleta de sonido rica y sofisticada imposible de lograr con cuerdas de n\u00facleo de acero<\/p>\n<\/div>\n<\/div>\n<\/div>\n","protected":false},"excerpt":{"rendered":"<p>Marca: Thomastik-Infeld Cuerdas Viola Thomastik Alphayue AL200.\u00a0Las cuerdas Thomastik Alphayue\u00a0son unas cuerdas innovadoras para estudiantes de todos los niveles: \u00a1la opci\u00f3n n\u00famero uno para los aspirantes a artistas! ALPHAYUE se deleita con cualidades de sonido nunca antes disponibles a este precio. Un n\u00facleo sint\u00e9tico de alta tecnolog\u00eda combinado con la reconocida calidad Thomastik-Infeld ofrece una [&hellip;]<\/p>\n","protected":false},"featured_media":4278,"comment_status":"closed","ping_status":"closed","template":"","meta":{"om_disable_all_campaigns":false},"product_cat":[47,290],"product_tag":[399],"class_list":["post-4277","product","type-product","status-publish","has-post-thumbnail","hentry","product_cat-instrumentos-de-arco","product_cat-viola","product_tag-instrumentos-de-arco"],"aioseo_notices":[],"_links":{"self":[{"href":"https:\/\/www.musicalmollet.com\/index.php\/wp-json\/wp\/v2\/product\/4277","targetHints":{"allow":["GET"]}}],"collection":[{"href":"https:\/\/www.musicalmollet.com\/index.php\/wp-json\/wp\/v2\/product"}],"about":[{"href":"https:\/\/www.musicalmollet.com\/index.php\/wp-json\/wp\/v2\/types\/product"}],"replies":[{"embeddable":true,"href":"https:\/\/www.musicalmollet.com\/index.php\/wp-json\/wp\/v2\/comments?post=4277"}],"wp:featuredmedia":[{"embeddable":true,"href":"https:\/\/www.musicalmollet.com\/index.php\/wp-json\/wp\/v2\/media\/4278"}],"wp:attachment":[{"href":"https:\/\/www.musicalmollet.com\/index.php\/wp-json\/wp\/v2\/media?parent=4277"}],"wp:term":[{"taxonomy":"product_cat","embeddable":true,"href":"https:\/\/www.musicalmollet.com\/index.php\/wp-json\/wp\/v2\/product_cat?post=4277"},{"taxonomy":"product_tag","embeddable":true,"href":"https:\/\/www.musicalmollet.com\/index.php\/wp-json\/wp\/v2\/product_tag?post=4277"}],"curies":[{"name":"wp","href":"https:\/\/api.w.org\/{rel}","templated":true}]}}