{"id":4321,"date":"2020-06-27T13:09:38","date_gmt":"2020-06-27T11:09:38","guid":{"rendered":"http:\/\/www.musicalmollet.com\/?post_type=product&#038;p=4321"},"modified":"2025-03-06T11:17:43","modified_gmt":"2025-03-06T10:17:43","slug":"lampara-osram-64515-300w-230v-gx635","status":"publish","type":"product","link":"https:\/\/www.musicalmollet.com\/index.php\/producto\/lampara-osram-64515-300w-230v-gx635\/","title":{"rendered":"Lampara Osram 64515 300W-230V GX6,35"},"content":{"rendered":"<hr class=\"bucketDivider\" noshade=\"noshade\" size=\"1\" \/>\n<div>\n<div id=\"prodDetails\">\n<p><a id=\"productDetails\" name=\"productDetails\" aria-hidden=\"true\"><\/a><\/p>\n<h2>Informaci\u00f3n de producto<\/h2>\n<div class=\"wrapper ESlocale\">\n<div class=\"column col1 \">\n<div class=\"section techD\">\n<div class=\"secHeader\">Detalles t\u00e9cnicos<\/div>\n<div class=\"content pdClearfix\">\n<div class=\"attrG\">\n<div class=\"pdTab\">\n<table border=\"0\" cellspacing=\"0\" cellpadding=\"0\">\n<tbody>\n<tr>\n<td class=\"label\">Marca<\/td>\n<td class=\"value\">Osram<\/td>\n<\/tr>\n<tr class=\"size-weight\">\n<td class=\"label\">Peso del producto<\/td>\n<td class=\"value\">90,7 g<\/td>\n<\/tr>\n<tr class=\"item-model-number\">\n<td class=\"label\">N\u00famero de modelo del producto<\/td>\n<td class=\"value\">64515<\/td>\n<\/tr>\n<tr>\n<td class=\"label\">Identificador de producto del fabricante<\/td>\n<td class=\"value\">58524<\/td>\n<\/tr>\n<tr>\n<td class=\"label\">Peso<\/td>\n<td class=\"value\">90.7 gramos<\/td>\n<\/tr>\n<tr>\n<td class=\"label\">Unidades<\/td>\n<td class=\"value\">1<\/td>\n<\/tr>\n<tr>\n<td class=\"label\">Voltaje<\/td>\n<td class=\"value\">230 voltios<\/td>\n<\/tr>\n<tr>\n<td class=\"label\">Incluye bater\u00edas<\/td>\n<td class=\"value\">No<\/td>\n<\/tr>\n<tr>\n<td class=\"label\">Necesita bater\u00edas<\/td>\n<td class=\"value\">No<\/td>\n<\/tr>\n<tr>\n<td class=\"label\">Tipo de casquillo<\/td>\n<td class=\"value\">GX6.35<\/td>\n<\/tr>\n<tr>\n<td class=\"label\">Potencia el\u00e9ctrica<\/td>\n<td class=\"value\">300<\/td>\n<\/tr>\n<\/tbody>\n<\/table>\n<\/div>\n<\/div>\n<\/div>\n<\/div>\n<\/div>\n<\/div>\n<\/div>\n<\/div>\n","protected":false},"excerpt":{"rendered":"<p>Informaci\u00f3n de producto Detalles t\u00e9cnicos Marca Osram Peso del producto 90,7 g N\u00famero de modelo del producto 64515 Identificador de producto del fabricante 58524 Peso 90.7 gramos Unidades 1 Voltaje 230 voltios Incluye bater\u00edas No Necesita bater\u00edas No Tipo de casquillo GX6.35 Potencia el\u00e9ctrica 300<\/p>\n","protected":false},"featured_media":4322,"comment_status":"closed","ping_status":"closed","template":"","meta":{"om_disable_all_campaigns":false},"product_cat":[404],"product_tag":[182],"class_list":["post-4321","product","type-product","status-publish","has-post-thumbnail","hentry","product_cat-focos-y-luces","product_tag-iluminacion"],"aioseo_notices":[],"_links":{"self":[{"href":"https:\/\/www.musicalmollet.com\/index.php\/wp-json\/wp\/v2\/product\/4321","targetHints":{"allow":["GET"]}}],"collection":[{"href":"https:\/\/www.musicalmollet.com\/index.php\/wp-json\/wp\/v2\/product"}],"about":[{"href":"https:\/\/www.musicalmollet.com\/index.php\/wp-json\/wp\/v2\/types\/product"}],"replies":[{"embeddable":true,"href":"https:\/\/www.musicalmollet.com\/index.php\/wp-json\/wp\/v2\/comments?post=4321"}],"wp:featuredmedia":[{"embeddable":true,"href":"https:\/\/www.musicalmollet.com\/index.php\/wp-json\/wp\/v2\/media\/4322"}],"wp:attachment":[{"href":"https:\/\/www.musicalmollet.com\/index.php\/wp-json\/wp\/v2\/media?parent=4321"}],"wp:term":[{"taxonomy":"product_cat","embeddable":true,"href":"https:\/\/www.musicalmollet.com\/index.php\/wp-json\/wp\/v2\/product_cat?post=4321"},{"taxonomy":"product_tag","embeddable":true,"href":"https:\/\/www.musicalmollet.com\/index.php\/wp-json\/wp\/v2\/product_tag?post=4321"}],"curies":[{"name":"wp","href":"https:\/\/api.w.org\/{rel}","templated":true}]}}