{"id":4464,"date":"2020-07-29T18:53:40","date_gmt":"2020-07-29T16:53:40","guid":{"rendered":"http:\/\/www.musicalmollet.com\/?post_type=product&#038;p=4464"},"modified":"2020-07-29T18:53:42","modified_gmt":"2020-07-29T16:53:42","slug":"parche-remo-pinstripe-ebony-negro-12","status":"publish","type":"product","link":"https:\/\/www.musicalmollet.com\/index.php\/producto\/parche-remo-pinstripe-ebony-negro-12\/","title":{"rendered":"Parche Remo Pinstripe Ebony Negro 12&#8243;"},"content":{"rendered":"<div class=\"quick-info-icon\"><\/div>\n<div class=\"quick-info\">\n<div class=\"quick-info-header\">\n<h3>Caracter\u00edsticas principales<\/h3>\n<\/div>\n<div class=\"quick-info-content\">\n<ul class=\"list\">\n<li>Ebony Dise\u00f1o de alta calidad de 12&#8243;<\/li>\n<li>Construcci\u00f3n de doble capa, pel\u00edcula de 10 Ebony mil\u00edmetros y pel\u00edcula transparente de 5 mil\u00edmetros<\/li>\n<li>Agente reductor de arm\u00f3nicos aplicado entre las dos capas<\/li>\n<li>El agente reductor reduce los arm\u00f3nicos, aumenta el ataque y la durabilidad<\/li>\n<li>Heavy Attack es ideal para Rock &amp; Grunge<\/li>\n<\/ul>\n<\/div>\n<\/div>\n<div class=\"quick-info\">\n<div class=\"quick-info-icon\"><\/div>\n<\/div>\n","protected":false},"excerpt":{"rendered":"<p>Caracter\u00edsticas principales Ebony Dise\u00f1o de alta calidad de 12&#8243; Construcci\u00f3n de doble capa, pel\u00edcula de 10 Ebony mil\u00edmetros y pel\u00edcula transparente de 5 mil\u00edmetros Agente reductor de arm\u00f3nicos aplicado entre las dos capas El agente reductor reduce los arm\u00f3nicos, aumenta el ataque y la durabilidad Heavy Attack es ideal para Rock &amp; Grunge<\/p>\n","protected":false},"featured_media":4465,"comment_status":"closed","ping_status":"closed","template":"","meta":{"om_disable_all_campaigns":false},"product_cat":[303],"product_tag":[328],"class_list":["post-4464","product","type-product","status-publish","has-post-thumbnail","hentry","product_cat-parches-accesoriobateria","product_tag-parches"],"aioseo_notices":[],"_links":{"self":[{"href":"https:\/\/www.musicalmollet.com\/index.php\/wp-json\/wp\/v2\/product\/4464","targetHints":{"allow":["GET"]}}],"collection":[{"href":"https:\/\/www.musicalmollet.com\/index.php\/wp-json\/wp\/v2\/product"}],"about":[{"href":"https:\/\/www.musicalmollet.com\/index.php\/wp-json\/wp\/v2\/types\/product"}],"replies":[{"embeddable":true,"href":"https:\/\/www.musicalmollet.com\/index.php\/wp-json\/wp\/v2\/comments?post=4464"}],"wp:featuredmedia":[{"embeddable":true,"href":"https:\/\/www.musicalmollet.com\/index.php\/wp-json\/wp\/v2\/media\/4465"}],"wp:attachment":[{"href":"https:\/\/www.musicalmollet.com\/index.php\/wp-json\/wp\/v2\/media?parent=4464"}],"wp:term":[{"taxonomy":"product_cat","embeddable":true,"href":"https:\/\/www.musicalmollet.com\/index.php\/wp-json\/wp\/v2\/product_cat?post=4464"},{"taxonomy":"product_tag","embeddable":true,"href":"https:\/\/www.musicalmollet.com\/index.php\/wp-json\/wp\/v2\/product_tag?post=4464"}],"curies":[{"name":"wp","href":"https:\/\/api.w.org\/{rel}","templated":true}]}}