{"id":4489,"date":"2020-08-04T11:39:07","date_gmt":"2020-08-04T09:39:07","guid":{"rendered":"http:\/\/www.musicalmollet.com\/?post_type=product&#038;p=4489"},"modified":"2020-08-04T11:39:09","modified_gmt":"2020-08-04T09:39:09","slug":"pie-de-microfono-vonyx-180-024","status":"publish","type":"product","link":"https:\/\/www.musicalmollet.com\/index.php\/producto\/pie-de-microfono-vonyx-180-024\/","title":{"rendered":"Pi\u00e9 de micr\u00f3fono Vonyx 180.024"},"content":{"rendered":"<div id=\"title_feature_div\" class=\"feature\" data-feature-name=\"title\" data-cel-widget=\"title_feature_div\">\n<div id=\"titleSection\" class=\"a-section a-spacing-none\">\n<h1 id=\"title\" class=\"a-size-large a-spacing-none\"><span id=\"productTitle\" class=\"a-size-large product-title-word-break\"> VONYX &#8211; VONYX 180.024 PIE MICROFONO con PERTIGA &#8211; 180.024<\/span><\/h1>\n<\/div>\n<\/div>\n<div id=\"desktop_unifiedPrice\" class=\"feature\" data-feature-name=\"desktop_unifiedPrice\" data-cel-widget=\"desktop_unifiedPrice\">\n<div id=\"quantityPricingTableSummary_feature_div\" class=\"feature\" data-feature-name=\"quantityPricingTableSummary\" data-cel-widget=\"quantityPricingTableSummary_feature_div\"><\/div>\n<\/div>\n<div id=\"iconfarmv2_feature_div\" class=\"feature\" data-feature-name=\"iconfarmv2\" data-cel-widget=\"iconfarmv2_feature_div\"><\/div>\n<div id=\"clickToContact_feature_div\" class=\"feature\" data-feature-name=\"clickToContact\" data-cel-widget=\"clickToContact_feature_div\"><\/div>\n<div id=\"amazonCertifiedBadge_feature_div\" class=\"feature\" data-feature-name=\"amazonCertifiedBadge\" data-cel-widget=\"amazonCertifiedBadge_feature_div\"><\/div>\n<div id=\"smartHomeWidget_feature_div\" class=\"feature\" data-feature-name=\"smartHomeWidget\" data-cel-widget=\"smartHomeWidget_feature_div\"><\/div>\n<div id=\"renewedProgramDescriptionAtf_feature_div\" class=\"feature\" data-feature-name=\"renewedProgramDescriptionAtf\" data-cel-widget=\"renewedProgramDescriptionAtf_feature_div\"><\/div>\n<div id=\"productOverview_feature_div\" class=\"feature\" data-feature-name=\"productOverview\" data-cel-widget=\"productOverview_feature_div\"><\/div>\n<div id=\"featurebullets_feature_div\" class=\"feature\" data-feature-name=\"featurebullets\" data-cel-widget=\"featurebullets_feature_div\">\n<div id=\"feature-bullets\" class=\"a-section a-spacing-medium a-spacing-top-small\">\n<ul class=\"a-unordered-list a-vertical a-spacing-mini\">\n<li><span class=\"a-list-item\"> \u2605 Un pie de micr\u00f3fono hecho para la pantalla: el Vonyx MS10 pie micro ajustable de Souhait, es perfecto para su uso en escenas o estudio. El pie es ajustable para adaptarse perfectamente a tu posici\u00f3n. Se alarga, se acorta y se puede fijar f\u00e1cilmente a la posici\u00f3n deseada para cantar el n\u00famero en escena. <\/span><\/li>\n<li><span class=\"a-list-item\"> \u2605 F\u00e1cil de transportar: el pie de micr\u00f3fono de la marca Vonyx es especialmente compacto, f\u00e1cil de guardar y mover. Puedes confiar en \u00e9l si est\u00e1s haciendo prestaciones en giros o en diferentes lugares. No te plantear\u00e1 ning\u00fan problema de montaje o colocaci\u00f3n gracias a sus patas plegables. <\/span><\/li>\n<li><span class=\"a-list-item\"> \u2605 Una terminaci\u00f3n perfecta y robusta: de un metal gris y negro, el Vonyx MS10 pie micro con pala es especialmente dise\u00f1ado y apreciado por su aspecto sobrio. No obstante, la eficacia de este soporte de metal es muy resistente. Adem\u00e1s, para una seguridad \u00f3ptima, dispone de patas antideslizantes. <\/span><\/li>\n<\/ul>\n<\/div>\n<\/div>\n","protected":false},"excerpt":{"rendered":"<p>VONYX &#8211; VONYX 180.024 PIE MICROFONO con PERTIGA &#8211; 180.024 \u2605 Un pie de micr\u00f3fono hecho para la pantalla: el Vonyx MS10 pie micro ajustable de Souhait, es perfecto para su uso en escenas o estudio. El pie es ajustable para adaptarse perfectamente a tu posici\u00f3n. Se alarga, se acorta y se puede fijar f\u00e1cilmente [&hellip;]<\/p>\n","protected":false},"featured_media":4490,"comment_status":"closed","ping_status":"closed","template":"","meta":{"om_disable_all_campaigns":false},"product_cat":[131],"product_tag":[324,359],"class_list":["post-4489","product","type-product","status-publish","has-post-thumbnail","hentry","product_cat-pies-de-microfono","product_tag-pies-de-micro-y-accesorios","product_tag-soportes-varios"],"aioseo_notices":[],"_links":{"self":[{"href":"https:\/\/www.musicalmollet.com\/index.php\/wp-json\/wp\/v2\/product\/4489","targetHints":{"allow":["GET"]}}],"collection":[{"href":"https:\/\/www.musicalmollet.com\/index.php\/wp-json\/wp\/v2\/product"}],"about":[{"href":"https:\/\/www.musicalmollet.com\/index.php\/wp-json\/wp\/v2\/types\/product"}],"replies":[{"embeddable":true,"href":"https:\/\/www.musicalmollet.com\/index.php\/wp-json\/wp\/v2\/comments?post=4489"}],"wp:featuredmedia":[{"embeddable":true,"href":"https:\/\/www.musicalmollet.com\/index.php\/wp-json\/wp\/v2\/media\/4490"}],"wp:attachment":[{"href":"https:\/\/www.musicalmollet.com\/index.php\/wp-json\/wp\/v2\/media?parent=4489"}],"wp:term":[{"taxonomy":"product_cat","embeddable":true,"href":"https:\/\/www.musicalmollet.com\/index.php\/wp-json\/wp\/v2\/product_cat?post=4489"},{"taxonomy":"product_tag","embeddable":true,"href":"https:\/\/www.musicalmollet.com\/index.php\/wp-json\/wp\/v2\/product_tag?post=4489"}],"curies":[{"name":"wp","href":"https:\/\/api.w.org\/{rel}","templated":true}]}}