{"id":4541,"date":"2020-08-29T13:29:46","date_gmt":"2020-08-29T11:29:46","guid":{"rendered":"http:\/\/www.musicalmollet.com\/?post_type=product&#038;p=4541"},"modified":"2025-12-29T20:37:20","modified_gmt":"2025-12-29T19:37:20","slug":"guitarra-squier-fender-cv-70s-strat-hss-lrl-wal","status":"publish","type":"product","link":"https:\/\/www.musicalmollet.com\/index.php\/producto\/guitarra-squier-fender-cv-70s-strat-hss-lrl-wal\/","title":{"rendered":"Guitarra Squier Fender CV 70s STRAT HSS LRL WAL"},"content":{"rendered":"<div class=\"module module-5 col-xsp-12\" data-fullsize=\"true\">\n<div class=\"col-xsp-12\">\n<div class=\"contentText\">\n<h3>El HSS Walnut de los a\u00f1os 70 Classic Vibe Stratocaster de Fender Squier<\/h3>\n<ul>\n<li>Stratocaster Guitarra el\u00e9ctrica de la Classic Vibe serie<\/li>\n<li>cuerpo de \u00e1lamo<\/li>\n<li>M\u00e1stil de arce atornillado en perfil en C<\/li>\n<li>Diapas\u00f3n enrasado de 21 teclas Indian Laurel<\/li>\n<li>Narrow Tall formato de cintura<\/li>\n<li>Dos Fender Alnico Single bobinas<\/li>\n<li>Fender Alnico Humbucker en posici\u00f3n de barra<\/li>\n<li>6-Saddle Vintage-Style Tremolo<\/li>\n<li>Vintage-Style mecanismo<\/li>\n<li>Cabezal 70 y carey de 4 capas Pickguard<\/li>\n<li>Walnut culminar<\/li>\n<\/ul>\n<\/div>\n<\/div>\n<\/div>\n","protected":false},"excerpt":{"rendered":"<p>El HSS Walnut de los a\u00f1os 70 Classic Vibe Stratocaster de Fender Squier Stratocaster Guitarra el\u00e9ctrica de la Classic Vibe serie cuerpo de \u00e1lamo M\u00e1stil de arce atornillado en perfil en C Diapas\u00f3n enrasado de 21 teclas Indian Laurel Narrow Tall formato de cintura Dos Fender Alnico Single bobinas Fender Alnico Humbucker en posici\u00f3n de [&hellip;]<\/p>\n","protected":false},"featured_media":4542,"comment_status":"closed","ping_status":"closed","template":"","meta":{"om_disable_all_campaigns":false},"product_cat":[43],"product_tag":[71],"class_list":["post-4541","product","type-product","status-publish","has-post-thumbnail","hentry","product_cat-guitarra-electrica","product_tag-guitarra"],"aioseo_notices":[],"_links":{"self":[{"href":"https:\/\/www.musicalmollet.com\/index.php\/wp-json\/wp\/v2\/product\/4541","targetHints":{"allow":["GET"]}}],"collection":[{"href":"https:\/\/www.musicalmollet.com\/index.php\/wp-json\/wp\/v2\/product"}],"about":[{"href":"https:\/\/www.musicalmollet.com\/index.php\/wp-json\/wp\/v2\/types\/product"}],"replies":[{"embeddable":true,"href":"https:\/\/www.musicalmollet.com\/index.php\/wp-json\/wp\/v2\/comments?post=4541"}],"wp:featuredmedia":[{"embeddable":true,"href":"https:\/\/www.musicalmollet.com\/index.php\/wp-json\/wp\/v2\/media\/4542"}],"wp:attachment":[{"href":"https:\/\/www.musicalmollet.com\/index.php\/wp-json\/wp\/v2\/media?parent=4541"}],"wp:term":[{"taxonomy":"product_cat","embeddable":true,"href":"https:\/\/www.musicalmollet.com\/index.php\/wp-json\/wp\/v2\/product_cat?post=4541"},{"taxonomy":"product_tag","embeddable":true,"href":"https:\/\/www.musicalmollet.com\/index.php\/wp-json\/wp\/v2\/product_tag?post=4541"}],"curies":[{"name":"wp","href":"https:\/\/api.w.org\/{rel}","templated":true}]}}