{"id":4685,"date":"2020-10-08T18:46:34","date_gmt":"2020-10-08T16:46:34","guid":{"rendered":"http:\/\/www.musicalmollet.com\/?post_type=product&#038;p=4685"},"modified":"2020-10-08T18:46:36","modified_gmt":"2020-10-08T16:46:36","slug":"estuche-styrofoam-bajo-electrico-ortola","status":"publish","type":"product","link":"https:\/\/www.musicalmollet.com\/index.php\/producto\/estuche-styrofoam-bajo-electrico-ortola\/","title":{"rendered":"Estuche Styrofoam Bajo El\u00e9ctrico Ortol\u00e1"},"content":{"rendered":"<h1>Funda Bajo El\u00e9ctrico Ortol\u00e1 Styrofoam<\/h1>\n<p class=\"socialsharing_product list-inline no-print\"><span class=\"share-this\"><i class=\"fa fa-share-alt\"><\/i> Compartir esto:<\/span><\/p>\n<div class=\"product-boxinfo\">\n<p id=\"product_reference\"><label>Referencia: <\/label> <span class=\"editable\">STYROFOAMBAJ<\/span><\/p>\n<p id=\"product_condition\"><label>Estado: <\/label> <span class=\"editable\">Producto nuevo<\/span><\/p>\n<\/div>\n<div id=\"short_description_block\">\n<div id=\"short_description_content\" class=\"rte align_justify\">Funda Bajo El\u00e9ctrico Ortol\u00e1 STYROFOAM<\/div>\n<\/div>\n","protected":false},"excerpt":{"rendered":"<p>Funda Bajo El\u00e9ctrico Ortol\u00e1 Styrofoam Compartir esto: Referencia: STYROFOAMBAJ Estado: Producto nuevo Funda Bajo El\u00e9ctrico Ortol\u00e1 STYROFOAM<\/p>\n","protected":false},"featured_media":4686,"comment_status":"closed","ping_status":"closed","template":"","meta":{"om_disable_all_campaigns":false},"product_cat":[361],"product_tag":[323],"class_list":["post-4685","product","type-product","status-publish","has-post-thumbnail","hentry","product_cat-sin-categorizar","product_tag-estuches-varios"],"aioseo_notices":[],"_links":{"self":[{"href":"https:\/\/www.musicalmollet.com\/index.php\/wp-json\/wp\/v2\/product\/4685","targetHints":{"allow":["GET"]}}],"collection":[{"href":"https:\/\/www.musicalmollet.com\/index.php\/wp-json\/wp\/v2\/product"}],"about":[{"href":"https:\/\/www.musicalmollet.com\/index.php\/wp-json\/wp\/v2\/types\/product"}],"replies":[{"embeddable":true,"href":"https:\/\/www.musicalmollet.com\/index.php\/wp-json\/wp\/v2\/comments?post=4685"}],"wp:featuredmedia":[{"embeddable":true,"href":"https:\/\/www.musicalmollet.com\/index.php\/wp-json\/wp\/v2\/media\/4686"}],"wp:attachment":[{"href":"https:\/\/www.musicalmollet.com\/index.php\/wp-json\/wp\/v2\/media?parent=4685"}],"wp:term":[{"taxonomy":"product_cat","embeddable":true,"href":"https:\/\/www.musicalmollet.com\/index.php\/wp-json\/wp\/v2\/product_cat?post=4685"},{"taxonomy":"product_tag","embeddable":true,"href":"https:\/\/www.musicalmollet.com\/index.php\/wp-json\/wp\/v2\/product_tag?post=4685"}],"curies":[{"name":"wp","href":"https:\/\/api.w.org\/{rel}","templated":true}]}}