{"id":4765,"date":"2020-10-20T18:43:21","date_gmt":"2020-10-20T16:43:21","guid":{"rendered":"http:\/\/www.musicalmollet.com\/?post_type=product&#038;p=4765"},"modified":"2020-10-20T18:43:22","modified_gmt":"2020-10-20T16:43:22","slug":"mazas-timpani-inaki-sebastian-de-6-a-11-anos","status":"publish","type":"product","link":"https:\/\/www.musicalmollet.com\/index.php\/producto\/mazas-timpani-inaki-sebastian-de-6-a-11-anos\/","title":{"rendered":"Mazas Timpani I\u00f1aki Sebastian de 6 a 11 a\u00f1os"},"content":{"rendered":"<div class=\"page-title-wrapper product\">\n<h2 class=\"page-title\"><span class=\"base\" data-ui-id=\"page-title-wrapper\">I\u00d1AKI SEBASTIAN Beginner 6-11 a\u00f1os<\/span><\/h2>\n<\/div>\n<div class=\"product-info-longname\">\n<div class=\"product attribute longname\">\n<h1>MAZAS PARA TIMBAL I\u00d1AKI SEBASTIAN BEGINNER 6-11 A\u00d1OS<\/h1>\n<\/div>\n<\/div>\n<div class=\"product attribute overview\">\n<div class=\"value\">Beginner 6-11 a\u00f1os<br \/>\nMazas para timbal.<br \/>\nPareja de Mazas para Timpani I\u00f1aki Sebastian Beginner 6-11 a\u00f1os. Mango de madera Longitud: +\/- 35 cm Cabeza peque\u00f1a Cabeza Interior: madera Densidad fieltro: normal Peso: +\/- 30-31 gr<\/div>\n<\/div>\n","protected":false},"excerpt":{"rendered":"<p>I\u00d1AKI SEBASTIAN Beginner 6-11 a\u00f1os MAZAS PARA TIMBAL I\u00d1AKI SEBASTIAN BEGINNER 6-11 A\u00d1OS Beginner 6-11 a\u00f1os Mazas para timbal. Pareja de Mazas para Timpani I\u00f1aki Sebastian Beginner 6-11 a\u00f1os. Mango de madera Longitud: +\/- 35 cm Cabeza peque\u00f1a Cabeza Interior: madera Densidad fieltro: normal Peso: +\/- 30-31 gr<\/p>\n","protected":false},"featured_media":4766,"comment_status":"closed","ping_status":"closed","template":"","meta":{"om_disable_all_campaigns":false},"product_cat":[120],"product_tag":[194],"class_list":["post-4765","product","type-product","status-publish","has-post-thumbnail","hentry","product_cat-baquetas-mazas-claves-etc","product_tag-maza"],"aioseo_notices":[],"_links":{"self":[{"href":"https:\/\/www.musicalmollet.com\/index.php\/wp-json\/wp\/v2\/product\/4765","targetHints":{"allow":["GET"]}}],"collection":[{"href":"https:\/\/www.musicalmollet.com\/index.php\/wp-json\/wp\/v2\/product"}],"about":[{"href":"https:\/\/www.musicalmollet.com\/index.php\/wp-json\/wp\/v2\/types\/product"}],"replies":[{"embeddable":true,"href":"https:\/\/www.musicalmollet.com\/index.php\/wp-json\/wp\/v2\/comments?post=4765"}],"wp:featuredmedia":[{"embeddable":true,"href":"https:\/\/www.musicalmollet.com\/index.php\/wp-json\/wp\/v2\/media\/4766"}],"wp:attachment":[{"href":"https:\/\/www.musicalmollet.com\/index.php\/wp-json\/wp\/v2\/media?parent=4765"}],"wp:term":[{"taxonomy":"product_cat","embeddable":true,"href":"https:\/\/www.musicalmollet.com\/index.php\/wp-json\/wp\/v2\/product_cat?post=4765"},{"taxonomy":"product_tag","embeddable":true,"href":"https:\/\/www.musicalmollet.com\/index.php\/wp-json\/wp\/v2\/product_tag?post=4765"}],"curies":[{"name":"wp","href":"https:\/\/api.w.org\/{rel}","templated":true}]}}