{"id":4773,"date":"2025-06-13T12:05:50","date_gmt":"2025-06-13T10:05:50","guid":{"rendered":"http:\/\/www.musicalmollet.com\/?post_type=product&#038;p=4773"},"modified":"2025-06-25T12:25:53","modified_gmt":"2025-06-25T10:25:53","slug":"guitarra-acustica-classical-alvarez-rc26hce-nat","status":"publish","type":"product","link":"https:\/\/www.musicalmollet.com\/index.php\/producto\/guitarra-acustica-classical-alvarez-rc26hce-nat\/","title":{"rendered":"Guitarra Acustica \/Classical Alvarez RC26HCE nat."},"content":{"rendered":"<div class=\"container\">\n<h1 id=\"tituloProducto\">Alvarez RC26HCE Natural &#8211; Guitarra Cl\u00e1sica Electrificada<\/h1>\n<div id=\"descripcionProducto\">La guitarra cl\u00e1sica electrificada Alvarez RC26HCE Natural est\u00e1 dise\u00f1ada como una guitarra de nivel medio, que mantendr\u00e1 a los nuevos m\u00fasicos enfocados y entusiasmados con su instrumento desde el primer d\u00eda.<\/div>\n<\/div>\n","protected":false},"excerpt":{"rendered":"<p>Guitarra con funda<\/p>\n","protected":false},"featured_media":4774,"comment_status":"closed","ping_status":"closed","template":"","meta":{"om_disable_all_campaigns":false},"product_cat":[41,42],"product_tag":[71],"class_list":["post-4773","product","type-product","status-publish","has-post-thumbnail","hentry","product_cat-guitarras-acusticas","product_cat-guitarras-clasicas","product_tag-guitarra"],"aioseo_notices":[],"_links":{"self":[{"href":"https:\/\/www.musicalmollet.com\/index.php\/wp-json\/wp\/v2\/product\/4773","targetHints":{"allow":["GET"]}}],"collection":[{"href":"https:\/\/www.musicalmollet.com\/index.php\/wp-json\/wp\/v2\/product"}],"about":[{"href":"https:\/\/www.musicalmollet.com\/index.php\/wp-json\/wp\/v2\/types\/product"}],"replies":[{"embeddable":true,"href":"https:\/\/www.musicalmollet.com\/index.php\/wp-json\/wp\/v2\/comments?post=4773"}],"wp:featuredmedia":[{"embeddable":true,"href":"https:\/\/www.musicalmollet.com\/index.php\/wp-json\/wp\/v2\/media\/4774"}],"wp:attachment":[{"href":"https:\/\/www.musicalmollet.com\/index.php\/wp-json\/wp\/v2\/media?parent=4773"}],"wp:term":[{"taxonomy":"product_cat","embeddable":true,"href":"https:\/\/www.musicalmollet.com\/index.php\/wp-json\/wp\/v2\/product_cat?post=4773"},{"taxonomy":"product_tag","embeddable":true,"href":"https:\/\/www.musicalmollet.com\/index.php\/wp-json\/wp\/v2\/product_tag?post=4773"}],"curies":[{"name":"wp","href":"https:\/\/api.w.org\/{rel}","templated":true}]}}