{"id":4844,"date":"2020-11-05T17:45:58","date_gmt":"2020-11-05T16:45:58","guid":{"rendered":"http:\/\/www.musicalmollet.com\/?post_type=product&#038;p=4844"},"modified":"2020-11-05T17:46:00","modified_gmt":"2020-11-05T16:46:00","slug":"correa-guitarra-basso-in-cla-13","status":"publish","type":"product","link":"https:\/\/www.musicalmollet.com\/index.php\/producto\/correa-guitarra-basso-in-cla-13\/","title":{"rendered":"Correa guitarra Basso IN CLA 13"},"content":{"rendered":"<pre class=\"_28cEs\" data-hook=\"description\">Modelo cl\u00e1sico hecho de material sint\u00e9tico negro de alta calidad y forro sint\u00e9tico especial para evitar la absorci\u00f3n del sudor. Tiene espuma interna para distribuir uniformemente el peso del instrumento sobre el hombro del m\u00fasico. La punta donde se engancha el instrumento se desarroll\u00f3 con un refuerzo interno<\/pre>\n","protected":false},"excerpt":{"rendered":"<p>Modelo cl\u00e1sico hecho de material sint\u00e9tico negro de alta calidad y forro sint\u00e9tico especial para evitar la absorci\u00f3n del sudor. Tiene espuma interna para distribuir uniformemente el peso del instrumento sobre el hombro del m\u00fasico. La punta donde se engancha el instrumento se desarroll\u00f3 con un refuerzo interno<\/p>\n","protected":false},"featured_media":4846,"comment_status":"closed","ping_status":"closed","template":"","meta":{"om_disable_all_campaigns":false},"product_cat":[296],"product_tag":[297],"class_list":["post-4844","product","type-product","status-publish","has-post-thumbnail","hentry","product_cat-correas-y-bandoleras","product_tag-correas"],"aioseo_notices":[],"_links":{"self":[{"href":"https:\/\/www.musicalmollet.com\/index.php\/wp-json\/wp\/v2\/product\/4844","targetHints":{"allow":["GET"]}}],"collection":[{"href":"https:\/\/www.musicalmollet.com\/index.php\/wp-json\/wp\/v2\/product"}],"about":[{"href":"https:\/\/www.musicalmollet.com\/index.php\/wp-json\/wp\/v2\/types\/product"}],"replies":[{"embeddable":true,"href":"https:\/\/www.musicalmollet.com\/index.php\/wp-json\/wp\/v2\/comments?post=4844"}],"wp:featuredmedia":[{"embeddable":true,"href":"https:\/\/www.musicalmollet.com\/index.php\/wp-json\/wp\/v2\/media\/4846"}],"wp:attachment":[{"href":"https:\/\/www.musicalmollet.com\/index.php\/wp-json\/wp\/v2\/media?parent=4844"}],"wp:term":[{"taxonomy":"product_cat","embeddable":true,"href":"https:\/\/www.musicalmollet.com\/index.php\/wp-json\/wp\/v2\/product_cat?post=4844"},{"taxonomy":"product_tag","embeddable":true,"href":"https:\/\/www.musicalmollet.com\/index.php\/wp-json\/wp\/v2\/product_tag?post=4844"}],"curies":[{"name":"wp","href":"https:\/\/api.w.org\/{rel}","templated":true}]}}