{"id":4992,"date":"2021-06-18T19:45:23","date_gmt":"2021-06-18T17:45:23","guid":{"rendered":"http:\/\/www.musicalmollet.com\/?post_type=product&#038;p=4992"},"modified":"2021-06-18T12:39:12","modified_gmt":"2021-06-18T10:39:12","slug":"canas-clarinete-sib-rico-grand-concert-select-35","status":"publish","type":"product","link":"https:\/\/www.musicalmollet.com\/index.php\/producto\/canas-clarinete-sib-rico-grand-concert-select-35\/","title":{"rendered":"Ca\u00f1as clarinete Sib Rico Grand Concert Select 3,5"},"content":{"rendered":"<p><a class=\"Beeb4e\" title=\"Ca\u00f1a Clarinete D'addario Grand Concert Select Thick Blank 2\" href=\"https:\/\/www.trinomusic.com\/catalogo\/viento-madera\/clarinetes\/canas\/clarinete-sib\/cana-clarinete-daddario-grand-concert-select-thick-blank-2\" target=\"_blank\" rel=\"noopener\" data-ved=\"0CA0QjhxqFwoTCJC2ldTejO0CFQAAAAAdAAAAABAN\">Ca\u00f1a Clarinete D&#8217;addario Grand Concert Select Thick Blank 2<\/a><\/p>\n<div class=\"d87Otf\">\n<div>\n<div class=\"UDylye\"><span class=\"HboBSb\">33,00 \u20ac*<\/span><span class=\"rRMCTb eKv9bf\"> \u00b7 <\/span> <span class=\"HboBSb jdp5U\"><span class=\"pnrEfb\">En stock<\/span><\/span><span class=\"rRMCTb eKv9bf\"> \u00b7 <\/span><span class=\"HboBSb\">Marca: D&#8217;addario Woodwinds<\/span><\/div>\n<div class=\"YRasv mkSNZe\">&#8230; Tono incomparable, consistencia y longevidad. En la familia Grand Concert Select las ca\u00f1as tienen m\u00e1s densidad en el coraz\u00f3n, para un sonido puro, &#8230;<\/div>\n<\/div>\n<\/div>\n<div class=\"xjRZNc \">\n<div>* Accede al sitio web para consultar la disponibilidad y el precio m\u00e1s reciente.\u00a0Las im\u00e1genes<\/div>\n<div>CA\u00d1AS DE 3,5\u00a0 CAJA DE 10 UNIDADES<\/div>\n<\/div>\n","protected":false},"excerpt":{"rendered":"<p>DISPONIBLE SOLO 1 CAJA DE 10 UNIDADES<\/p>\n","protected":false},"featured_media":4993,"comment_status":"closed","ping_status":"closed","template":"","meta":{"om_disable_all_campaigns":false},"product_cat":[89],"product_tag":[266],"class_list":["post-4992","product","type-product","status-publish","has-post-thumbnail","hentry","product_cat-canyas-clarinete","product_tag-accesorios-viento"],"aioseo_notices":[],"_links":{"self":[{"href":"https:\/\/www.musicalmollet.com\/index.php\/wp-json\/wp\/v2\/product\/4992","targetHints":{"allow":["GET"]}}],"collection":[{"href":"https:\/\/www.musicalmollet.com\/index.php\/wp-json\/wp\/v2\/product"}],"about":[{"href":"https:\/\/www.musicalmollet.com\/index.php\/wp-json\/wp\/v2\/types\/product"}],"replies":[{"embeddable":true,"href":"https:\/\/www.musicalmollet.com\/index.php\/wp-json\/wp\/v2\/comments?post=4992"}],"wp:featuredmedia":[{"embeddable":true,"href":"https:\/\/www.musicalmollet.com\/index.php\/wp-json\/wp\/v2\/media\/4993"}],"wp:attachment":[{"href":"https:\/\/www.musicalmollet.com\/index.php\/wp-json\/wp\/v2\/media?parent=4992"}],"wp:term":[{"taxonomy":"product_cat","embeddable":true,"href":"https:\/\/www.musicalmollet.com\/index.php\/wp-json\/wp\/v2\/product_cat?post=4992"},{"taxonomy":"product_tag","embeddable":true,"href":"https:\/\/www.musicalmollet.com\/index.php\/wp-json\/wp\/v2\/product_tag?post=4992"}],"curies":[{"name":"wp","href":"https:\/\/api.w.org\/{rel}","templated":true}]}}