{"id":5144,"date":"2021-02-12T12:12:55","date_gmt":"2021-02-12T11:12:55","guid":{"rendered":"http:\/\/www.musicalmollet.com\/?post_type=product&#038;p=5144"},"modified":"2021-02-12T12:12:59","modified_gmt":"2021-02-12T11:12:59","slug":"barbada-wittner-violin-4-4-augsburg-256-111","status":"publish","type":"product","link":"https:\/\/www.musicalmollet.com\/index.php\/producto\/barbada-wittner-violin-4-4-augsburg-256-111\/","title":{"rendered":"Barbada Wittner Violin 4\/4 Augsburg 256.111"},"content":{"rendered":"<p>Wittner\u00a0Mentonera, modelo Augsburgo<br \/>\npara viol\u00edn 4\/4<\/p>\n<p>Altura e inclinaci\u00f3n seleccionables:<\/p>\n<p>1. Altura ajustable en paralelo<\/p>\n<p>2. Altura ajustable, inclinada hacia la izquierda.<\/p>\n<p>3. Altura ajustable, derecha\u00a0inclinado<\/p>\n<p>Mentonera media hecha de pl\u00e1stico de alta tecnolog\u00eda<br \/>\nLa mentonera es variable y, por lo tanto, puede adaptarse ergon\u00f3micamente al jugador.<\/p>\n<p>El usuario puede probar diferentes posiciones sin tener que comprar otra mentonera<\/p>\n<p>La altura del ment\u00f3n puede \u00abcrecer\u00bb (ideal para ni\u00f1os y adolescentes))<\/p>\n<p>Instalaci\u00f3n simple y segura, f\u00e1cil de Ajustar<\/p>\n<p>Anti alergico<\/p>\n<p>Forma anat\u00f3mica<br \/>\nCon un destornillador<\/p>\n<p>&nbsp;<\/p>\n","protected":false},"excerpt":{"rendered":"<p>Wittner\u00a0Mentonera, modelo Augsburgo para viol\u00edn 4\/4 Altura e inclinaci\u00f3n seleccionables: 1. Altura ajustable en paralelo 2. Altura ajustable, inclinada hacia la izquierda. 3. Altura ajustable, derecha\u00a0inclinado Mentonera media hecha de pl\u00e1stico de alta tecnolog\u00eda La mentonera es variable y, por lo tanto, puede adaptarse ergon\u00f3micamente al jugador. El usuario puede probar diferentes posiciones sin tener [&hellip;]<\/p>\n","protected":false},"featured_media":5146,"comment_status":"closed","ping_status":"closed","template":"","meta":{"om_disable_all_campaigns":false},"product_cat":[12,435],"product_tag":[268],"class_list":["post-5144","product","type-product","status-publish","has-post-thumbnail","hentry","product_cat-accesoriosinstrumentocuerdas","product_cat-barbadas","product_tag-accesorios"],"aioseo_notices":[],"_links":{"self":[{"href":"https:\/\/www.musicalmollet.com\/index.php\/wp-json\/wp\/v2\/product\/5144","targetHints":{"allow":["GET"]}}],"collection":[{"href":"https:\/\/www.musicalmollet.com\/index.php\/wp-json\/wp\/v2\/product"}],"about":[{"href":"https:\/\/www.musicalmollet.com\/index.php\/wp-json\/wp\/v2\/types\/product"}],"replies":[{"embeddable":true,"href":"https:\/\/www.musicalmollet.com\/index.php\/wp-json\/wp\/v2\/comments?post=5144"}],"wp:featuredmedia":[{"embeddable":true,"href":"https:\/\/www.musicalmollet.com\/index.php\/wp-json\/wp\/v2\/media\/5146"}],"wp:attachment":[{"href":"https:\/\/www.musicalmollet.com\/index.php\/wp-json\/wp\/v2\/media?parent=5144"}],"wp:term":[{"taxonomy":"product_cat","embeddable":true,"href":"https:\/\/www.musicalmollet.com\/index.php\/wp-json\/wp\/v2\/product_cat?post=5144"},{"taxonomy":"product_tag","embeddable":true,"href":"https:\/\/www.musicalmollet.com\/index.php\/wp-json\/wp\/v2\/product_tag?post=5144"}],"curies":[{"name":"wp","href":"https:\/\/api.w.org\/{rel}","templated":true}]}}