{"id":5250,"date":"2021-03-04T12:30:09","date_gmt":"2021-03-04T11:30:09","guid":{"rendered":"http:\/\/www.musicalmollet.com\/?post_type=product&#038;p=5250"},"modified":"2021-03-04T12:30:10","modified_gmt":"2021-03-04T11:30:10","slug":"alternative-rock-guitar-fastforward","status":"publish","type":"product","link":"https:\/\/www.musicalmollet.com\/index.php\/producto\/alternative-rock-guitar-fastforward\/","title":{"rendered":"Alternative Rock Guitar FastForward"},"content":{"rendered":"<h2>Detalles del producto<\/h2>\n<div id=\"detailBullets_feature_div\">\n<ul class=\"a-unordered-list a-nostyle a-vertical a-spacing-none detail-bullet-list\">\n<li><span class=\"a-list-item\"> <span class=\"a-text-bold\">Editorial : <\/span> Music Sales Ltd; N.\u00ba 1 edici\u00f3n (28 diciembre 2000) <\/span><\/li>\n<li><span class=\"a-list-item\"> <span class=\"a-text-bold\">Idioma : <\/span> Ingl\u00e9s <\/span><\/li>\n<li><span class=\"a-list-item\"> <span class=\"a-text-bold\">Tapa blanda : <\/span> 64 p\u00e1ginas <\/span><\/li>\n<li><span class=\"a-list-item\"> <span class=\"a-text-bold\">ISBN-10 : <\/span> 0711982112 <\/span><\/li>\n<li><span class=\"a-list-item\"> <span class=\"a-text-bold\">ISBN-13 : <\/span> 978-0711982116 <\/span><\/li>\n<li><span class=\"a-list-item\"> <span class=\"a-text-bold\">Peso del producto : <\/span> 281 g <\/span><\/li>\n<li><span class=\"a-list-item\"> <span class=\"a-text-bold\">Dimensiones : <\/span> 22.86 x 0.69 x 30.48 cm <\/span><\/li>\n<\/ul>\n<\/div>\n","protected":false},"excerpt":{"rendered":"<p>Detalles del producto Editorial : Music Sales Ltd; N.\u00ba 1 edici\u00f3n (28 diciembre 2000) Idioma : Ingl\u00e9s Tapa blanda : 64 p\u00e1ginas ISBN-10 : 0711982112 ISBN-13 : 978-0711982116 Peso del producto : 281 g Dimensiones : 22.86 x 0.69 x 30.48 cm<\/p>\n","protected":false},"featured_media":5251,"comment_status":"closed","ping_status":"closed","template":"","meta":{"om_disable_all_campaigns":false},"product_cat":[49],"product_tag":[210],"class_list":["post-5250","product","type-product","status-publish","has-post-thumbnail","hentry","product_cat-libreria-y-metodos","product_tag-libreria-y-metodos"],"aioseo_notices":[],"_links":{"self":[{"href":"https:\/\/www.musicalmollet.com\/index.php\/wp-json\/wp\/v2\/product\/5250","targetHints":{"allow":["GET"]}}],"collection":[{"href":"https:\/\/www.musicalmollet.com\/index.php\/wp-json\/wp\/v2\/product"}],"about":[{"href":"https:\/\/www.musicalmollet.com\/index.php\/wp-json\/wp\/v2\/types\/product"}],"replies":[{"embeddable":true,"href":"https:\/\/www.musicalmollet.com\/index.php\/wp-json\/wp\/v2\/comments?post=5250"}],"wp:featuredmedia":[{"embeddable":true,"href":"https:\/\/www.musicalmollet.com\/index.php\/wp-json\/wp\/v2\/media\/5251"}],"wp:attachment":[{"href":"https:\/\/www.musicalmollet.com\/index.php\/wp-json\/wp\/v2\/media?parent=5250"}],"wp:term":[{"taxonomy":"product_cat","embeddable":true,"href":"https:\/\/www.musicalmollet.com\/index.php\/wp-json\/wp\/v2\/product_cat?post=5250"},{"taxonomy":"product_tag","embeddable":true,"href":"https:\/\/www.musicalmollet.com\/index.php\/wp-json\/wp\/v2\/product_tag?post=5250"}],"curies":[{"name":"wp","href":"https:\/\/api.w.org\/{rel}","templated":true}]}}