{"id":5416,"date":"2023-07-16T11:20:15","date_gmt":"2023-07-16T09:20:15","guid":{"rendered":"http:\/\/www.musicalmollet.com\/?post_type=product&#038;p=5416"},"modified":"2023-07-22T11:46:19","modified_gmt":"2023-07-22T09:46:19","slug":"armonica-hohner-blues-harp-en-re-d","status":"publish","type":"product","link":"https:\/\/www.musicalmollet.com\/index.php\/producto\/armonica-hohner-blues-harp-en-re-d\/","title":{"rendered":"Armonica Hohner Blues Harp en Re (D)"},"content":{"rendered":"<p>Arm\u00f3nica diat\u00f3nica HOHNER Blues Harp afinaci\u00f3n D\/RE. 20 voces. Leng\u00fcetas de bronce de 0,9 mm de grosor. Cuerpo de madera con construcci\u00f3n MS. Longitud: 10,0cm. La arm\u00f3nica Ritcher mas conocida, v\u00e1lida tanto para profesionales como para aficionados, con la excelente mano de obra y el sonido t\u00edpico que caracterizan la moderna fabricaci\u00f3n de los instrumentos Hohner. La abreviatura \u00abMS\u00bb significa Sistema Modular, un concepto integrado en el dise\u00f1o de las arm\u00f3nicas Hohner y que permite beneficiarse de innovaciones que mejoran las caracter\u00edsticas de ejecuci\u00f3n y tambi\u00e9n facilita de forma significativa su manejo y mantenimiento. Todas las partes (peines, leng\u00fcetas y tapas) se pueden combinar de forma individual. Unos simples tornillos permiten un f\u00e1cil montaje. Este concepto ofrece la posibilidad a los usuarios de ajustar los instrumentos a sus necesidades individuales.<\/p>\n","protected":false},"excerpt":{"rendered":"<p>Arm\u00f3nica diat\u00f3nica HOHNER Blues Harp afinaci\u00f3n D\/RE. 20 voces. Leng\u00fcetas de bronce de 0,9 mm de grosor. Cuerpo de madera con construcci\u00f3n MS. Longitud: 10,0cm. La arm\u00f3nica Ritcher mas conocida, v\u00e1lida tanto para profesionales como para aficionados, con la excelente mano de obra y el sonido t\u00edpico que caracterizan la moderna fabricaci\u00f3n de los instrumentos [&hellip;]<\/p>\n","protected":false},"featured_media":5417,"comment_status":"closed","ping_status":"closed","template":"","meta":{"om_disable_all_campaigns":false},"product_cat":[20],"product_tag":[158],"class_list":["post-5416","product","type-product","status-publish","has-post-thumbnail","hentry","product_cat-armonicas","product_tag-armonicas"],"aioseo_notices":[],"_links":{"self":[{"href":"https:\/\/www.musicalmollet.com\/index.php\/wp-json\/wp\/v2\/product\/5416","targetHints":{"allow":["GET"]}}],"collection":[{"href":"https:\/\/www.musicalmollet.com\/index.php\/wp-json\/wp\/v2\/product"}],"about":[{"href":"https:\/\/www.musicalmollet.com\/index.php\/wp-json\/wp\/v2\/types\/product"}],"replies":[{"embeddable":true,"href":"https:\/\/www.musicalmollet.com\/index.php\/wp-json\/wp\/v2\/comments?post=5416"}],"wp:featuredmedia":[{"embeddable":true,"href":"https:\/\/www.musicalmollet.com\/index.php\/wp-json\/wp\/v2\/media\/5417"}],"wp:attachment":[{"href":"https:\/\/www.musicalmollet.com\/index.php\/wp-json\/wp\/v2\/media?parent=5416"}],"wp:term":[{"taxonomy":"product_cat","embeddable":true,"href":"https:\/\/www.musicalmollet.com\/index.php\/wp-json\/wp\/v2\/product_cat?post=5416"},{"taxonomy":"product_tag","embeddable":true,"href":"https:\/\/www.musicalmollet.com\/index.php\/wp-json\/wp\/v2\/product_tag?post=5416"}],"curies":[{"name":"wp","href":"https:\/\/api.w.org\/{rel}","templated":true}]}}