{"id":5437,"date":"2021-05-21T11:32:33","date_gmt":"2021-05-21T09:32:33","guid":{"rendered":"http:\/\/www.musicalmollet.com\/?post_type=product&#038;p=5437"},"modified":"2023-03-16T19:11:53","modified_gmt":"2023-03-16T18:11:53","slug":"armonica-hohner-blues-harp-en-mi-e","status":"publish","type":"product","link":"https:\/\/www.musicalmollet.com\/index.php\/producto\/armonica-hohner-blues-harp-en-mi-e\/","title":{"rendered":"Arm\u00f3nica Hohner Blues Harp en Mi (E)"},"content":{"rendered":"<p>Arm\u00f3nica diat\u00f3nica.Arm\u00f3nica diat\u00f3nica de 20 voces m\u00edtica para Blues.Dise\u00f1ada para obtener un tono y volumen consistente para uso en Blues. Peine en madera para todo elrango de notas. Leng\u00fcetas en lat\u00f3n de 0,9 mm. Fabrica\u00f1a en Alemania. Incluye m\u00e9todo. En Mi (E)<\/p>\n","protected":false},"excerpt":{"rendered":"<p>Arm\u00f3nica diat\u00f3nica.Arm\u00f3nica diat\u00f3nica de 20 voces m\u00edtica para Blues.Dise\u00f1ada para obtener un tono y volumen consistente para uso en Blues. Peine en madera para todo elrango de notas. Leng\u00fcetas en lat\u00f3n de 0,9 mm. Fabrica\u00f1a en Alemania. Incluye m\u00e9todo. En Mi (E)<\/p>\n","protected":false},"featured_media":5436,"comment_status":"closed","ping_status":"closed","template":"","meta":{"om_disable_all_campaigns":false},"product_cat":[20],"product_tag":[158],"class_list":["post-5437","product","type-product","status-publish","has-post-thumbnail","hentry","product_cat-armonicas","product_tag-armonicas"],"aioseo_notices":[],"_links":{"self":[{"href":"https:\/\/www.musicalmollet.com\/index.php\/wp-json\/wp\/v2\/product\/5437","targetHints":{"allow":["GET"]}}],"collection":[{"href":"https:\/\/www.musicalmollet.com\/index.php\/wp-json\/wp\/v2\/product"}],"about":[{"href":"https:\/\/www.musicalmollet.com\/index.php\/wp-json\/wp\/v2\/types\/product"}],"replies":[{"embeddable":true,"href":"https:\/\/www.musicalmollet.com\/index.php\/wp-json\/wp\/v2\/comments?post=5437"}],"wp:featuredmedia":[{"embeddable":true,"href":"https:\/\/www.musicalmollet.com\/index.php\/wp-json\/wp\/v2\/media\/5436"}],"wp:attachment":[{"href":"https:\/\/www.musicalmollet.com\/index.php\/wp-json\/wp\/v2\/media?parent=5437"}],"wp:term":[{"taxonomy":"product_cat","embeddable":true,"href":"https:\/\/www.musicalmollet.com\/index.php\/wp-json\/wp\/v2\/product_cat?post=5437"},{"taxonomy":"product_tag","embeddable":true,"href":"https:\/\/www.musicalmollet.com\/index.php\/wp-json\/wp\/v2\/product_tag?post=5437"}],"curies":[{"name":"wp","href":"https:\/\/api.w.org\/{rel}","templated":true}]}}