{"id":5438,"date":"2024-04-12T11:35:27","date_gmt":"2024-04-12T09:35:27","guid":{"rendered":"http:\/\/www.musicalmollet.com\/?post_type=product&#038;p=5438"},"modified":"2024-04-12T18:18:55","modified_gmt":"2024-04-12T16:18:55","slug":"armonica-hohner-blues-harp-en-fa-f","status":"publish","type":"product","link":"https:\/\/www.musicalmollet.com\/index.php\/producto\/armonica-hohner-blues-harp-en-fa-f\/","title":{"rendered":"Arm\u00f3nica Hohner Blues Harp en Fa )(F)"},"content":{"rendered":"<p>Arm\u00f3nica diat\u00f3nica.Arm\u00f3nica diat\u00f3nica de 20 voces m\u00edtica para Blues.Dise\u00f1ada para obtener un tono y volumen consistente para uso en Blues. Peine en madera para todo el rango de notas. Leng\u00fcetas en lat\u00f3n de 0,9 mm. Fabricada en Alemania. Incluye m\u00e9todo. En Fa (F)<\/p>\n","protected":false},"excerpt":{"rendered":"<p>Arm\u00f3nica diat\u00f3nica.Arm\u00f3nica diat\u00f3nica de 20 voces m\u00edtica para Blues.Dise\u00f1ada para obtener un tono y volumen consistente para uso en Blues. Peine en madera para todo el rango de notas. Leng\u00fcetas en lat\u00f3n de 0,9 mm. Fabricada en Alemania. Incluye m\u00e9todo. En Fa (F)<\/p>\n","protected":false},"featured_media":5436,"comment_status":"closed","ping_status":"closed","template":"","meta":{"om_disable_all_campaigns":false},"product_cat":[20],"product_tag":[158],"class_list":["post-5438","product","type-product","status-publish","has-post-thumbnail","hentry","product_cat-armonicas","product_tag-armonicas"],"aioseo_notices":[],"_links":{"self":[{"href":"https:\/\/www.musicalmollet.com\/index.php\/wp-json\/wp\/v2\/product\/5438","targetHints":{"allow":["GET"]}}],"collection":[{"href":"https:\/\/www.musicalmollet.com\/index.php\/wp-json\/wp\/v2\/product"}],"about":[{"href":"https:\/\/www.musicalmollet.com\/index.php\/wp-json\/wp\/v2\/types\/product"}],"replies":[{"embeddable":true,"href":"https:\/\/www.musicalmollet.com\/index.php\/wp-json\/wp\/v2\/comments?post=5438"}],"wp:featuredmedia":[{"embeddable":true,"href":"https:\/\/www.musicalmollet.com\/index.php\/wp-json\/wp\/v2\/media\/5436"}],"wp:attachment":[{"href":"https:\/\/www.musicalmollet.com\/index.php\/wp-json\/wp\/v2\/media?parent=5438"}],"wp:term":[{"taxonomy":"product_cat","embeddable":true,"href":"https:\/\/www.musicalmollet.com\/index.php\/wp-json\/wp\/v2\/product_cat?post=5438"},{"taxonomy":"product_tag","embeddable":true,"href":"https:\/\/www.musicalmollet.com\/index.php\/wp-json\/wp\/v2\/product_tag?post=5438"}],"curies":[{"name":"wp","href":"https:\/\/api.w.org\/{rel}","templated":true}]}}