{"id":5440,"date":"2023-07-22T11:52:14","date_gmt":"2023-07-22T09:52:14","guid":{"rendered":"http:\/\/www.musicalmollet.com\/?post_type=product&#038;p=5440"},"modified":"2023-07-22T11:47:16","modified_gmt":"2023-07-22T09:47:16","slug":"armonica-hohner-blues-harp-en-si-b","status":"publish","type":"product","link":"https:\/\/www.musicalmollet.com\/index.php\/producto\/armonica-hohner-blues-harp-en-si-b\/","title":{"rendered":"Arm\u00f3nica Hohner Blues Harp en Si (B)"},"content":{"rendered":"<p>Arm\u00f3nica diat\u00f3nica.Arm\u00f3nica diat\u00f3nica de 20 voces m\u00edtica para Blues Dise\u00f1ada para obtener un tono y volumen consistente para uso en Blues. Peine en madera para todo el rango de notas. Leng\u00fcetas en lat\u00f3n de 0,9 mm. Fabricada en Alemania. Incluye m\u00e9todo. En Si (B)<\/p>\n","protected":false},"excerpt":{"rendered":"<p>Arm\u00f3nica diat\u00f3nica.Arm\u00f3nica diat\u00f3nica de 20 voces m\u00edtica para Blues Dise\u00f1ada para obtener un tono y volumen consistente para uso en Blues. Peine en madera para todo el rango de notas. Leng\u00fcetas en lat\u00f3n de 0,9 mm. Fabricada en Alemania. Incluye m\u00e9todo. En Si (B)<\/p>\n","protected":false},"featured_media":5436,"comment_status":"closed","ping_status":"closed","template":"","meta":{"om_disable_all_campaigns":false},"product_cat":[20],"product_tag":[158],"class_list":["post-5440","product","type-product","status-publish","has-post-thumbnail","hentry","product_cat-armonicas","product_tag-armonicas"],"aioseo_notices":[],"_links":{"self":[{"href":"https:\/\/www.musicalmollet.com\/index.php\/wp-json\/wp\/v2\/product\/5440","targetHints":{"allow":["GET"]}}],"collection":[{"href":"https:\/\/www.musicalmollet.com\/index.php\/wp-json\/wp\/v2\/product"}],"about":[{"href":"https:\/\/www.musicalmollet.com\/index.php\/wp-json\/wp\/v2\/types\/product"}],"replies":[{"embeddable":true,"href":"https:\/\/www.musicalmollet.com\/index.php\/wp-json\/wp\/v2\/comments?post=5440"}],"wp:featuredmedia":[{"embeddable":true,"href":"https:\/\/www.musicalmollet.com\/index.php\/wp-json\/wp\/v2\/media\/5436"}],"wp:attachment":[{"href":"https:\/\/www.musicalmollet.com\/index.php\/wp-json\/wp\/v2\/media?parent=5440"}],"wp:term":[{"taxonomy":"product_cat","embeddable":true,"href":"https:\/\/www.musicalmollet.com\/index.php\/wp-json\/wp\/v2\/product_cat?post=5440"},{"taxonomy":"product_tag","embeddable":true,"href":"https:\/\/www.musicalmollet.com\/index.php\/wp-json\/wp\/v2\/product_tag?post=5440"}],"curies":[{"name":"wp","href":"https:\/\/api.w.org\/{rel}","templated":true}]}}