{"id":5463,"date":"2021-05-25T20:46:56","date_gmt":"2021-05-25T18:46:56","guid":{"rendered":"http:\/\/www.musicalmollet.com\/?post_type=product&#038;p=5463"},"modified":"2021-05-25T20:46:57","modified_gmt":"2021-05-25T18:46:57","slug":"soporte-clarinete-bg-a-40","status":"publish","type":"product","link":"https:\/\/www.musicalmollet.com\/index.php\/producto\/soporte-clarinete-bg-a-40\/","title":{"rendered":"Soporte clarinete BG A 40"},"content":{"rendered":"<div class=\"row\">\n<div class=\"cell\">\n<div class=\"product-title-block\">\n<div class=\"title\">BG A40 Stand for Cla\u00adrinet<\/div>\n<\/div>\n<\/div>\n<div class=\"cell\">\n<div class=\"price-block\">\n<div class=\"primary-secondary-wrapper\"><span class=\"primary\">9,60 \u20ac<\/span><\/div>\n<\/div>\n<\/div>\n<\/div>\n<div class=\"row\">\n<div class=\"cell\">\n<div class=\"ratings-block\">\n<div class=\"rating\">\n<div class=\"rs-rating-stars skin-small\"><\/div>\n<\/div>\n<\/div>\n<\/div>\n<\/div>\n<div class=\"row\">\n<div class=\"cell\">\n<div class=\"keyfeatures-block\">\n<div class=\"features  \">\n<ul class=\"prod-features prod-translated-features\">\n<li>\n<div>Para clarinete<\/div>\n<\/li>\n<li>\n<div>Dise\u00f1o \u00fanico que permite que el soporte se pliegue plano<\/div>\n<\/li>\n<li>\n<div>Se puede transportar en el bolsillo en dos particiones<\/div>\n<\/li>\n<li>\n<div>F\u00e1cil instalaci\u00f3n y gran estabilidad<\/div>\n<\/li>\n<li>\n<div>Fabricado en pl\u00e1stico ABS negro<\/div>\n<\/li>\n<\/ul>\n<\/div>\n<\/div>\n<\/div>\n<\/div>\n","protected":false},"excerpt":{"rendered":"<p>BG A40 Stand for Cla\u00adrinet 9,60 \u20ac Para clarinete Dise\u00f1o \u00fanico que permite que el soporte se pliegue plano Se puede transportar en el bolsillo en dos particiones F\u00e1cil instalaci\u00f3n y gran estabilidad Fabricado en pl\u00e1stico ABS negro<\/p>\n","protected":false},"featured_media":5465,"comment_status":"closed","ping_status":"closed","template":"","meta":{"om_disable_all_campaigns":false},"product_cat":[429],"product_tag":[359],"class_list":["post-5463","product","type-product","status-publish","has-post-thumbnail","hentry","product_cat-soporte-saxo-alto-tenor","product_tag-soportes-varios"],"aioseo_notices":[],"_links":{"self":[{"href":"https:\/\/www.musicalmollet.com\/index.php\/wp-json\/wp\/v2\/product\/5463","targetHints":{"allow":["GET"]}}],"collection":[{"href":"https:\/\/www.musicalmollet.com\/index.php\/wp-json\/wp\/v2\/product"}],"about":[{"href":"https:\/\/www.musicalmollet.com\/index.php\/wp-json\/wp\/v2\/types\/product"}],"replies":[{"embeddable":true,"href":"https:\/\/www.musicalmollet.com\/index.php\/wp-json\/wp\/v2\/comments?post=5463"}],"wp:featuredmedia":[{"embeddable":true,"href":"https:\/\/www.musicalmollet.com\/index.php\/wp-json\/wp\/v2\/media\/5465"}],"wp:attachment":[{"href":"https:\/\/www.musicalmollet.com\/index.php\/wp-json\/wp\/v2\/media?parent=5463"}],"wp:term":[{"taxonomy":"product_cat","embeddable":true,"href":"https:\/\/www.musicalmollet.com\/index.php\/wp-json\/wp\/v2\/product_cat?post=5463"},{"taxonomy":"product_tag","embeddable":true,"href":"https:\/\/www.musicalmollet.com\/index.php\/wp-json\/wp\/v2\/product_tag?post=5463"}],"curies":[{"name":"wp","href":"https:\/\/api.w.org\/{rel}","templated":true}]}}