{"id":5468,"date":"2021-05-26T12:44:43","date_gmt":"2021-05-26T10:44:43","guid":{"rendered":"http:\/\/www.musicalmollet.com\/?post_type=product&#038;p=5468"},"modified":"2022-04-20T12:32:15","modified_gmt":"2022-04-20T10:32:15","slug":"timbal-redoblante-honsuy-38-x38-cm-15-x-15","status":"publish","type":"product","link":"https:\/\/www.musicalmollet.com\/index.php\/producto\/timbal-redoblante-honsuy-38-x38-cm-15-x-15\/","title":{"rendered":"Timbal Redoblante Honsuy 38 x38 cm 15 x 15&#8243;"},"content":{"rendered":"<h1>TIMBAL REDOBLANTE 38 \u00d8 x 38 cm. (15&#8243; \u00d8 x 15&#8243;).<\/h1>\n<p id=\"product_reference\"><label>Referencia: <\/label> <span class=\"editable\">33100<\/span><\/p>\n<div id=\"short_description_block\">\n<div id=\"short_description_content\" class=\"rte align_justify\">\n<p>&#8211; Aros de nylon rojo.<br \/>\n&#8211; Casco de madera.<br \/>\n&#8211; 8 Varillas de tensi\u00f3n cromadas.<br \/>\n&#8211; Bordonero ajustable.<br \/>\n&#8211; Parches de pl\u00e1stico.<\/p>\n<\/div>\n<\/div>\n","protected":false},"excerpt":{"rendered":"<p>TIMBAL REDOBLANTE 38 \u00d8 x 38 cm. (15&#8243; \u00d8 x 15&#8243;). Referencia: 33100 &#8211; Aros de nylon rojo. &#8211; Casco de madera. &#8211; 8 Varillas de tensi\u00f3n cromadas. &#8211; Bordonero ajustable. &#8211; Parches de pl\u00e1stico.<\/p>\n","protected":false},"featured_media":5470,"comment_status":"closed","ping_status":"closed","template":"","meta":{"om_disable_all_campaigns":false},"product_cat":[97],"product_tag":[163],"class_list":["post-5468","product","type-product","status-publish","has-post-thumbnail","hentry","product_cat-tambores","product_tag-tambores"],"aioseo_notices":[],"_links":{"self":[{"href":"https:\/\/www.musicalmollet.com\/index.php\/wp-json\/wp\/v2\/product\/5468","targetHints":{"allow":["GET"]}}],"collection":[{"href":"https:\/\/www.musicalmollet.com\/index.php\/wp-json\/wp\/v2\/product"}],"about":[{"href":"https:\/\/www.musicalmollet.com\/index.php\/wp-json\/wp\/v2\/types\/product"}],"replies":[{"embeddable":true,"href":"https:\/\/www.musicalmollet.com\/index.php\/wp-json\/wp\/v2\/comments?post=5468"}],"wp:featuredmedia":[{"embeddable":true,"href":"https:\/\/www.musicalmollet.com\/index.php\/wp-json\/wp\/v2\/media\/5470"}],"wp:attachment":[{"href":"https:\/\/www.musicalmollet.com\/index.php\/wp-json\/wp\/v2\/media?parent=5468"}],"wp:term":[{"taxonomy":"product_cat","embeddable":true,"href":"https:\/\/www.musicalmollet.com\/index.php\/wp-json\/wp\/v2\/product_cat?post=5468"},{"taxonomy":"product_tag","embeddable":true,"href":"https:\/\/www.musicalmollet.com\/index.php\/wp-json\/wp\/v2\/product_tag?post=5468"}],"curies":[{"name":"wp","href":"https:\/\/api.w.org\/{rel}","templated":true}]}}