{"id":5475,"date":"2025-07-16T18:34:05","date_gmt":"2025-07-16T16:34:05","guid":{"rendered":"http:\/\/www.musicalmollet.com\/?post_type=product&#038;p=5475"},"modified":"2025-07-15T19:20:39","modified_gmt":"2025-07-15T17:20:39","slug":"baquetas-vic-firth-5a-american-classic","status":"publish","type":"product","link":"https:\/\/www.musicalmollet.com\/index.php\/producto\/baquetas-vic-firth-5a-american-classic\/","title":{"rendered":"Baquetas Vic Firth 5A American Classic"},"content":{"rendered":"<p>Universalmente conocido este es el modelo original m\u00e1s vendido y m\u00e1s usado desde hace d\u00e9cadas.<\/p>\n<p>Por su medida es la baqueta m\u00e1s vers\u00e1til y sin duda una todo-terreno.<\/p>\n<p>Su cabeza tear drop saca un excelente y rico sonido de platos as\u00ed como los de los tambores<\/p>\n<p>Color natural<\/p>\n<p>&nbsp;<\/p>\n","protected":false},"excerpt":{"rendered":"<p>Universalmente conocido este es el modelo original m\u00e1s vendido y m\u00e1s usado desde hace d\u00e9cadas. Por su medida es la baqueta m\u00e1s vers\u00e1til y sin duda una todo-terreno. Su cabeza tear drop saca un excelente y rico sonido de platos as\u00ed como los de los tambores Color natural &nbsp;<\/p>\n","protected":false},"featured_media":5476,"comment_status":"closed","ping_status":"closed","template":"","meta":{"om_disable_all_campaigns":false},"product_cat":[120],"product_tag":[192],"class_list":["post-5475","product","type-product","status-publish","has-post-thumbnail","hentry","product_cat-baquetas-mazas-claves-etc","product_tag-baquetas"],"aioseo_notices":[],"_links":{"self":[{"href":"https:\/\/www.musicalmollet.com\/index.php\/wp-json\/wp\/v2\/product\/5475","targetHints":{"allow":["GET"]}}],"collection":[{"href":"https:\/\/www.musicalmollet.com\/index.php\/wp-json\/wp\/v2\/product"}],"about":[{"href":"https:\/\/www.musicalmollet.com\/index.php\/wp-json\/wp\/v2\/types\/product"}],"replies":[{"embeddable":true,"href":"https:\/\/www.musicalmollet.com\/index.php\/wp-json\/wp\/v2\/comments?post=5475"}],"wp:featuredmedia":[{"embeddable":true,"href":"https:\/\/www.musicalmollet.com\/index.php\/wp-json\/wp\/v2\/media\/5476"}],"wp:attachment":[{"href":"https:\/\/www.musicalmollet.com\/index.php\/wp-json\/wp\/v2\/media?parent=5475"}],"wp:term":[{"taxonomy":"product_cat","embeddable":true,"href":"https:\/\/www.musicalmollet.com\/index.php\/wp-json\/wp\/v2\/product_cat?post=5475"},{"taxonomy":"product_tag","embeddable":true,"href":"https:\/\/www.musicalmollet.com\/index.php\/wp-json\/wp\/v2\/product_tag?post=5475"}],"curies":[{"name":"wp","href":"https:\/\/api.w.org\/{rel}","templated":true}]}}