{"id":5482,"date":"2021-05-26T19:35:16","date_gmt":"2021-05-26T17:35:16","guid":{"rendered":"http:\/\/www.musicalmollet.com\/?post_type=product&#038;p=5482"},"modified":"2021-05-26T19:38:12","modified_gmt":"2021-05-26T17:38:12","slug":"pedal-micro-mooer-digital-flanger","status":"publish","type":"product","link":"https:\/\/www.musicalmollet.com\/index.php\/producto\/pedal-micro-mooer-digital-flanger\/","title":{"rendered":"Pedal Micro Mooer Digital Flanger"},"content":{"rendered":"<h2 class=\"prod\">Pedal de efectos<\/h2>\n<ul class=\"prod-features\">\n<li>Flanger digital multifrecuencia<\/li>\n<li>2 modos Flanger<\/li>\n<li>Funci\u00f3n Tap Tempo<\/li>\n<li>Reguladores para Rate, Depth, Level y Width<\/li>\n<li>Bot\u00f3n de control para selecci\u00f3n Tap Tempo entrada\/modo<\/li>\n<li>True Bypass<\/li>\n<li>LED indicador de estado<\/li>\n<li>Carcasa robusta de metal<\/li>\n<li>Pulsador Bypass<\/li>\n<li>Entrada y salida Jack mono de 6.3 mm<\/li>\n<li>Alimentaci\u00f3n por transformador externo de 9V DC con conector coaxial de 2,1 x 5,5 mm y polaridad (-) en el interior (Mooer PDNW-9V2A-MP, no incluido)<\/li>\n<li>Consumo: 160 mA<\/li>\n<li>Medidas (An x La x Al): 42 x 98 x 52 mm<\/li>\n<li>Peso: 160 g<\/li>\n<\/ul>\n","protected":false},"excerpt":{"rendered":"<p>Pedal de efectos Flanger digital multifrecuencia 2 modos Flanger Funci\u00f3n Tap Tempo Reguladores para Rate, Depth, Level y Width Bot\u00f3n de control para selecci\u00f3n Tap Tempo entrada\/modo True Bypass LED indicador de estado Carcasa robusta de metal Pulsador Bypass Entrada y salida Jack mono de 6.3 mm Alimentaci\u00f3n por transformador externo de 9V DC con [&hellip;]<\/p>\n","protected":false},"featured_media":5485,"comment_status":"closed","ping_status":"closed","template":"","meta":{"om_disable_all_campaigns":false},"product_cat":[57],"product_tag":[],"class_list":["post-5482","product","type-product","status-publish","has-post-thumbnail","hentry","product_cat-pedales-de-efectos"],"aioseo_notices":[],"_links":{"self":[{"href":"https:\/\/www.musicalmollet.com\/index.php\/wp-json\/wp\/v2\/product\/5482","targetHints":{"allow":["GET"]}}],"collection":[{"href":"https:\/\/www.musicalmollet.com\/index.php\/wp-json\/wp\/v2\/product"}],"about":[{"href":"https:\/\/www.musicalmollet.com\/index.php\/wp-json\/wp\/v2\/types\/product"}],"replies":[{"embeddable":true,"href":"https:\/\/www.musicalmollet.com\/index.php\/wp-json\/wp\/v2\/comments?post=5482"}],"wp:featuredmedia":[{"embeddable":true,"href":"https:\/\/www.musicalmollet.com\/index.php\/wp-json\/wp\/v2\/media\/5485"}],"wp:attachment":[{"href":"https:\/\/www.musicalmollet.com\/index.php\/wp-json\/wp\/v2\/media?parent=5482"}],"wp:term":[{"taxonomy":"product_cat","embeddable":true,"href":"https:\/\/www.musicalmollet.com\/index.php\/wp-json\/wp\/v2\/product_cat?post=5482"},{"taxonomy":"product_tag","embeddable":true,"href":"https:\/\/www.musicalmollet.com\/index.php\/wp-json\/wp\/v2\/product_tag?post=5482"}],"curies":[{"name":"wp","href":"https:\/\/api.w.org\/{rel}","templated":true}]}}