{"id":5487,"date":"2021-05-27T17:58:51","date_gmt":"2021-05-27T15:58:51","guid":{"rendered":"http:\/\/www.musicalmollet.com\/?post_type=product&#038;p=5487"},"modified":"2021-05-27T17:58:52","modified_gmt":"2021-05-27T15:58:52","slug":"mazas-vibrafono-inaki-sebastian-v3","status":"publish","type":"product","link":"https:\/\/www.musicalmollet.com\/index.php\/producto\/mazas-vibrafono-inaki-sebastian-v3\/","title":{"rendered":"Mazas Vibrafono  I\u00f1aki Sebastian V3"},"content":{"rendered":"<div id=\"features_block\" class=\"tab-pane\">\n<table class=\"table-data-sheet\">\n<tbody>\n<tr class=\"odd\">\n<td class=\"col-md-6\">Maza Para<\/td>\n<td class=\"col-md-6\">Vibr\u00e1fono<\/td>\n<\/tr>\n<tr class=\"even\">\n<td class=\"col-md-6\">El Precio Incluye<\/td>\n<td class=\"col-md-6\">4 Mazas<\/td>\n<\/tr>\n<tr class=\"odd\">\n<td class=\"col-md-6\">Dureza<\/td>\n<td class=\"col-md-6\">Media &#8211; Medium<\/td>\n<\/tr>\n<tr class=\"even\">\n<td class=\"col-md-6\">Material Mango<\/td>\n<td class=\"col-md-6\">Rat\u00e1n<\/td>\n<\/tr>\n<tr class=\"odd\">\n<td class=\"col-md-6\">Hecho en<\/td>\n<td class=\"col-md-6\">Espa\u00f1a<\/td>\n<\/tr>\n<tr class=\"even\">\n<td class=\"col-md-6\">Di\u00e1metro Mango<\/td>\n<td class=\"col-md-6\">8.5 mm<\/td>\n<\/tr>\n<tr class=\"odd\">\n<td class=\"col-md-6\">Material Cabeza<\/td>\n<td class=\"col-md-6\">Lana<\/td>\n<\/tr>\n<tr class=\"even\">\n<td class=\"col-md-6\">Longitud Total<\/td>\n<td class=\"col-md-6\">37 cms<\/td>\n<\/tr>\n<tr class=\"odd\">\n<td class=\"col-md-6\">N\u00facleo<\/td>\n<td class=\"col-md-6\">Goma<\/td>\n<\/tr>\n<tr class=\"even\">\n<td class=\"col-md-6\">Peso<\/td>\n<td class=\"col-md-6\">36 grs &#8211; 37 grs<\/td>\n<\/tr>\n<\/tbody>\n<\/table>\n<\/div>\n<div id=\"hide_features\"><\/div>\n","protected":false},"excerpt":{"rendered":"<p>Maza Para Vibr\u00e1fono El Precio Incluye 4 Mazas Dureza Media &#8211; Medium Material Mango Rat\u00e1n Hecho en Espa\u00f1a Di\u00e1metro Mango 8.5 mm Material Cabeza Lana Longitud Total 37 cms N\u00facleo Goma Peso 36 grs &#8211; 37 grs<\/p>\n","protected":false},"featured_media":5488,"comment_status":"closed","ping_status":"closed","template":"","meta":{"om_disable_all_campaigns":false},"product_cat":[351],"product_tag":[194],"class_list":["post-5487","product","type-product","status-publish","has-post-thumbnail","hentry","product_cat-mazas","product_tag-maza"],"aioseo_notices":[],"_links":{"self":[{"href":"https:\/\/www.musicalmollet.com\/index.php\/wp-json\/wp\/v2\/product\/5487","targetHints":{"allow":["GET"]}}],"collection":[{"href":"https:\/\/www.musicalmollet.com\/index.php\/wp-json\/wp\/v2\/product"}],"about":[{"href":"https:\/\/www.musicalmollet.com\/index.php\/wp-json\/wp\/v2\/types\/product"}],"replies":[{"embeddable":true,"href":"https:\/\/www.musicalmollet.com\/index.php\/wp-json\/wp\/v2\/comments?post=5487"}],"wp:featuredmedia":[{"embeddable":true,"href":"https:\/\/www.musicalmollet.com\/index.php\/wp-json\/wp\/v2\/media\/5488"}],"wp:attachment":[{"href":"https:\/\/www.musicalmollet.com\/index.php\/wp-json\/wp\/v2\/media?parent=5487"}],"wp:term":[{"taxonomy":"product_cat","embeddable":true,"href":"https:\/\/www.musicalmollet.com\/index.php\/wp-json\/wp\/v2\/product_cat?post=5487"},{"taxonomy":"product_tag","embeddable":true,"href":"https:\/\/www.musicalmollet.com\/index.php\/wp-json\/wp\/v2\/product_tag?post=5487"}],"curies":[{"name":"wp","href":"https:\/\/api.w.org\/{rel}","templated":true}]}}