{"id":5676,"date":"2026-03-02T19:56:33","date_gmt":"2026-03-02T18:56:33","guid":{"rendered":"https:\/\/www.musicalmollet.com\/?post_type=product&#038;p=5676"},"modified":"2026-04-02T12:41:43","modified_gmt":"2026-04-02T10:41:43","slug":"platos-zildjian-s14hpr-hit-hat","status":"publish","type":"product","link":"https:\/\/www.musicalmollet.com\/index.php\/producto\/platos-zildjian-s14hpr-hit-hat\/","title":{"rendered":"Platos Zildjian S14HPR Hit-Hat"},"content":{"rendered":"<div class=\"rte\">\n<p><strong>ZILDJIAN S FAMILY HI-HAT 14.<\/strong> Platos de bater\u00eda tipo hi-hat de 14&#8243; de la serie S que ofrece un amplio rango de frecuencias con una respuesta con cuerpo.<\/p>\n<p>Caracter\u00edsticas:<br \/>\nTipo de plato: Hi-hat<br \/>\nTama\u00f1o: 14<br \/>\nPeso: Plato superior medio, plato inferior pesado<br \/>\nAfinaci\u00f3n: Aguda<br \/>\nSonido: Brillante<br \/>\nSustain: Corto<br \/>\nAcabado: Brillante<br \/>\nDise\u00f1ado para nivel principiante, intermedio y avanzado<\/p>\n<\/div>\n","protected":false},"excerpt":{"rendered":"<p>ZILDJIAN S FAMILY HI-HAT 14. Platos de bater\u00eda tipo hi-hat de 14&#8243; de la serie S que ofrece un amplio rango de frecuencias con una respuesta con cuerpo. Caracter\u00edsticas: Tipo de plato: Hi-hat Tama\u00f1o: 14 Peso: Plato superior medio, plato inferior pesado Afinaci\u00f3n: Aguda Sonido: Brillante Sustain: Corto Acabado: Brillante Dise\u00f1ado para nivel principiante, intermedio [&hellip;]<\/p>\n","protected":false},"featured_media":5677,"comment_status":"closed","ping_status":"closed","template":"","meta":{"om_disable_all_campaigns":false},"product_cat":[133],"product_tag":[444],"class_list":["post-5676","product","type-product","status-publish","has-post-thumbnail","hentry","product_cat-platos-hit-hat","product_tag-platos-bateria"],"aioseo_notices":[],"_links":{"self":[{"href":"https:\/\/www.musicalmollet.com\/index.php\/wp-json\/wp\/v2\/product\/5676","targetHints":{"allow":["GET"]}}],"collection":[{"href":"https:\/\/www.musicalmollet.com\/index.php\/wp-json\/wp\/v2\/product"}],"about":[{"href":"https:\/\/www.musicalmollet.com\/index.php\/wp-json\/wp\/v2\/types\/product"}],"replies":[{"embeddable":true,"href":"https:\/\/www.musicalmollet.com\/index.php\/wp-json\/wp\/v2\/comments?post=5676"}],"wp:featuredmedia":[{"embeddable":true,"href":"https:\/\/www.musicalmollet.com\/index.php\/wp-json\/wp\/v2\/media\/5677"}],"wp:attachment":[{"href":"https:\/\/www.musicalmollet.com\/index.php\/wp-json\/wp\/v2\/media?parent=5676"}],"wp:term":[{"taxonomy":"product_cat","embeddable":true,"href":"https:\/\/www.musicalmollet.com\/index.php\/wp-json\/wp\/v2\/product_cat?post=5676"},{"taxonomy":"product_tag","embeddable":true,"href":"https:\/\/www.musicalmollet.com\/index.php\/wp-json\/wp\/v2\/product_tag?post=5676"}],"curies":[{"name":"wp","href":"https:\/\/api.w.org\/{rel}","templated":true}]}}