{"id":581,"date":"2016-05-06T08:17:31","date_gmt":"2016-05-06T14:17:31","guid":{"rendered":"http:\/\/www.musicalmollet.com\/wordpress\/?post_type=product&#038;p=581"},"modified":"2022-12-02T12:47:58","modified_gmt":"2022-12-02T11:47:58","slug":"auriculares-prodipe-iem3","status":"publish","type":"product","link":"https:\/\/www.musicalmollet.com\/index.php\/producto\/auriculares-prodipe-iem3\/","title":{"rendered":"AURICULARES PRODIPE IEM3"},"content":{"rendered":"<p>IEM 3 El sonido de estudio en sus o\u00eddos Especialmente dise\u00f1ados para los m\u00fasicos, en el escenario, de viaje, en estudio de grabaci\u00f3n, con una ergonom\u00eda estudiada para aislarlo perfectamente de los ruidos del exterior, los aud\u00edfonos IEM 3 de PRODIPE le dan la calidad de sonido de estudio de grabaci\u00f3n est\u00e9 donde est\u00e9. Con los aud\u00edfonos IEM 3 lograr\u00e1 escuchar un sonido neutro y muy equilibrado, del grave al agudo. M\u00e1s de 20 prototipos fueron realizados, probados, desechados para llegar a conservar s\u00f3lo uno. Los IEM 3 tambi\u00e9n ser\u00e1n muy apreciados en sus aparatos port\u00e1tiles para descubrir una calidad de sonido extraordinaria. Incluye un conjunto de gomas para aud\u00edfonos para mayor comodidad.<\/p>\n","protected":false},"excerpt":{"rendered":"<p>IEM 3 El sonido de estudio en sus o\u00eddos Especialmente dise\u00f1ados para los m\u00fasicos, en el escenario, de viaje, en estudio de grabaci\u00f3n, con una ergonom\u00eda estudiada para aislarlo perfectamente de los ruidos del exterior, los aud\u00edfonos IEM 3 de PRODIPE le dan la calidad de sonido de estudio de grabaci\u00f3n est\u00e9 donde est\u00e9. Con [&hellip;]<\/p>\n","protected":false},"featured_media":582,"comment_status":"open","ping_status":"closed","template":"","meta":{"om_disable_all_campaigns":false},"product_cat":[112,45],"product_tag":[181,180],"class_list":["post-581","product","type-product","status-publish","has-post-thumbnail","hentry","product_cat-auriculares","product_cat-hifi-y-dj","product_tag-dj","product_tag-hifi"],"aioseo_notices":[],"_links":{"self":[{"href":"https:\/\/www.musicalmollet.com\/index.php\/wp-json\/wp\/v2\/product\/581","targetHints":{"allow":["GET"]}}],"collection":[{"href":"https:\/\/www.musicalmollet.com\/index.php\/wp-json\/wp\/v2\/product"}],"about":[{"href":"https:\/\/www.musicalmollet.com\/index.php\/wp-json\/wp\/v2\/types\/product"}],"replies":[{"embeddable":true,"href":"https:\/\/www.musicalmollet.com\/index.php\/wp-json\/wp\/v2\/comments?post=581"}],"wp:featuredmedia":[{"embeddable":true,"href":"https:\/\/www.musicalmollet.com\/index.php\/wp-json\/wp\/v2\/media\/582"}],"wp:attachment":[{"href":"https:\/\/www.musicalmollet.com\/index.php\/wp-json\/wp\/v2\/media?parent=581"}],"wp:term":[{"taxonomy":"product_cat","embeddable":true,"href":"https:\/\/www.musicalmollet.com\/index.php\/wp-json\/wp\/v2\/product_cat?post=581"},{"taxonomy":"product_tag","embeddable":true,"href":"https:\/\/www.musicalmollet.com\/index.php\/wp-json\/wp\/v2\/product_tag?post=581"}],"curies":[{"name":"wp","href":"https:\/\/api.w.org\/{rel}","templated":true}]}}