{"id":5946,"date":"2022-01-21T11:33:00","date_gmt":"2022-01-21T10:33:00","guid":{"rendered":"https:\/\/www.musicalmollet.com\/?post_type=product&#038;p=5946"},"modified":"2022-01-21T11:34:56","modified_gmt":"2022-01-21T10:34:56","slug":"liquido-de-humo-algam-lsf-fog-md-5l","status":"publish","type":"product","link":"https:\/\/www.musicalmollet.com\/index.php\/producto\/liquido-de-humo-algam-lsf-fog-md-5l\/","title":{"rendered":"Liquido de humo Algam LSF FOG-MD-5L"},"content":{"rendered":"<div class=\"pb-left-column col-xs-12 col-sm-6\">\n<div id=\"image-block\" class=\"thumbnail clearfix\"><span id=\"view_full_size\"> <img loading=\"lazy\" decoding=\"async\" id=\"bigpic\" class=\"img-responsive center-block\" title=\"LSF FOG-QD-5L\" src=\"https:\/\/alfasoni.com\/8314065-large_default\/algam-lighting-lsf-fog-qd-5l.jpg\" alt=\"LSF FOG-QD-5L\" width=\"458\" height=\"458\" \/> <\/span><\/div>\n<\/div>\n<div class=\"pb-center-column col-xs-12 col-sm-6\">\n<h1>LSF FOG-QD-5L<\/h1>\n<p id=\"product_reference\" class=\"gray-default uppercase-text\">Cod: <span class=\"editable gray-default uppercase-text\">43240410<\/span><\/p>\n<div class=\"row\">\n<div class=\"col-xs-12 col-sm-12\">\n<p><a class=\"margtop-10 margbot-10 inblock\" title=\"Todos los productos de este fabricante\" href=\"https:\/\/alfasoni.com\/marca\/algam-lighting\"> <img decoding=\"async\" class=\"imglog\" src=\"https:\/\/alfasoni.com\/img\/m\/553-manuf_img.jpg\" alt=\"ALGAM LIGHTING\" \/><\/a><\/p>\n<div class=\"mk-campaign\"><\/div>\n<\/div>\n<\/div>\n<div id=\"short_description_block\">\n<div id=\"short_description_content\" class=\"rte\">L\u00edquido de humo de r\u00e1pida dispersi\u00f3n 5L<\/div>\n<\/div>\n<\/div>\n","protected":false},"excerpt":{"rendered":"<p>LSF FOG-QD-5L Cod: 43240410 L\u00edquido de humo de r\u00e1pida dispersi\u00f3n 5L<\/p>\n","protected":false},"featured_media":5947,"comment_status":"closed","ping_status":"closed","template":"","meta":{"om_disable_all_campaigns":false},"product_cat":[451],"product_tag":[450],"class_list":["post-5946","product","type-product","status-publish","has-post-thumbnail","hentry","product_cat-liquido-maquinas-de-humo","product_tag-maquinas"],"aioseo_notices":[],"_links":{"self":[{"href":"https:\/\/www.musicalmollet.com\/index.php\/wp-json\/wp\/v2\/product\/5946","targetHints":{"allow":["GET"]}}],"collection":[{"href":"https:\/\/www.musicalmollet.com\/index.php\/wp-json\/wp\/v2\/product"}],"about":[{"href":"https:\/\/www.musicalmollet.com\/index.php\/wp-json\/wp\/v2\/types\/product"}],"replies":[{"embeddable":true,"href":"https:\/\/www.musicalmollet.com\/index.php\/wp-json\/wp\/v2\/comments?post=5946"}],"wp:featuredmedia":[{"embeddable":true,"href":"https:\/\/www.musicalmollet.com\/index.php\/wp-json\/wp\/v2\/media\/5947"}],"wp:attachment":[{"href":"https:\/\/www.musicalmollet.com\/index.php\/wp-json\/wp\/v2\/media?parent=5946"}],"wp:term":[{"taxonomy":"product_cat","embeddable":true,"href":"https:\/\/www.musicalmollet.com\/index.php\/wp-json\/wp\/v2\/product_cat?post=5946"},{"taxonomy":"product_tag","embeddable":true,"href":"https:\/\/www.musicalmollet.com\/index.php\/wp-json\/wp\/v2\/product_tag?post=5946"}],"curies":[{"name":"wp","href":"https:\/\/api.w.org\/{rel}","templated":true}]}}