{"id":5948,"date":"2022-01-21T13:04:51","date_gmt":"2022-01-21T12:04:51","guid":{"rendered":"https:\/\/www.musicalmollet.com\/?post_type=product&#038;p=5948"},"modified":"2022-01-28T11:39:41","modified_gmt":"2022-01-28T10:39:41","slug":"100-exitos-de-siempre-musica-del-sur","status":"publish","type":"product","link":"https:\/\/www.musicalmollet.com\/index.php\/producto\/100-exitos-de-siempre-musica-del-sur\/","title":{"rendered":"100 Exitos de Siempre \/ Musica del Sur"},"content":{"rendered":"<div id=\"bookDescription_feature_div\" class=\"celwidget\" data-feature-name=\"bookDescription\" data-csa-c-id=\"615k-hmsqzp-t5druk-yqug1l\" data-cel-widget=\"bookDescription_feature_div\">\n<div class=\"a-expander-collapsed-height a-row a-expander-container a-spacing-base a-expander-partial-collapse-container\" aria-live=\"polite\" data-a-expander-name=\"book_description_expander\" data-a-expander-collapsed-height=\"140\">\n<div class=\"a-expander-content a-expander-partial-collapse-content\" aria-expanded=\"false\">\n<p>Incluye: Ac\u00e9rcarte m\u00e1s &#8211; Adi\u00f3s &#8211; Adi\u00f3s Mariquita linda &#8211; Adi\u00f3s muchachos &#8211; Adi\u00f3s pampa m\u00eda &#8211; Alma llanera &#8211; Alma llanera &#8211; Alma y coraz\u00f3n &#8211; Amor &#8211; Angelitos negros &#8211; Anoche habl\u00e9 con la luna &#8211; Aquellos ojos verdes &#8211; Arrivederci Roma &#8211; As\u00ed en Par\u00eds (Paris canaille) &#8211; Babal\u00fa &#8211; Bah\u00eda &#8211; Baiao de Ana -B\u00e9same mucho &#8211; Bolero balear &#8211; Brasil &#8211; Buenas noches mi amor &#8211; Cachita &#8211; Caminemos &#8211; Camino verde &#8211; Capullito de alel\u00ed &#8211; Cielito lindo &#8211; Contigo en la distancia &#8211; Cu-cu-rru-cu-cu, paloma &#8211; Cuando vuelva a tu lado &#8211; Cuanto le gusta &#8211; Cubanac\u00e1n &#8211; Dos cruces &#8211; Dos gardenias &#8211; El beso &#8211; El choclo &#8211; Elcumbachero &#8211; El piano del pobre &#8211; El reloj &#8211; En donde est\u00e1s amor &#8211; En los jardines de Granada &#8211; Estudiantina portuguesa &#8211; Fascinaci\u00f3n &#8211; Frenes\u00ed &#8211; Georgia &#8211; Granada &#8211; Guadalajara &#8211; &#8211; H\u00e1blame de amor -La bamba alegre &#8211; La barca &#8211; Lamento gitano &#8211; Las hojas muertas &#8211; Lisboa antigua &#8211; Los gitanos &#8211; Los tres caballeros &#8211; Luna lunera &#8211; Luna rossa &#8211; Macarenas &#8211; Madrid &#8211; Malague\u00f1a salerosa &#8211; Mar\u00eda Bonita &#8211; Mar\u00eda Elena &#8211; Melod\u00eda de arrabal &#8211; Mira que eres linda &#8211; Monasterio Sta.Clara &#8211; Mon\u00edsima &#8211; Nadieme ama &#8211; No me puedo quejar (Non, je ne regrette rien) &#8211; No te puedo querer &#8211; Noche de ronda &#8211; Nosotros &#8211; Ojitos traidores &#8211; Patricia &#8211; Perfidia &#8211; Pianeta enamorado (Mon manege a moi) &#8211; Puente de piedra &#8211; Que ser\u00e1 ser\u00e1 &#8211; Qu\u00e9 bonita es Barcelona &#8211; Quien ser\u00e1 &#8211; Recu\u00e9rdame &#8211; Rifif\u00ed &#8211; Sabor a mi &#8211; Si vas a Calatayud &#8211; Siempre in mi coraz\u00f3n &#8211; Solamente una vez &#8211; Tab\u00fa &#8211; Te quiero dijiste &#8211; Tico tico &#8211; Tres palabras &#8211; Tres veces guapa &#8211; Triana morena &#8211; Tu nombre &#8211; Un a\u00f1o m\u00e1s &#8211; Un d\u00eda te dir\u00e9 &#8211; Un poquito de tu amor &#8211; Uno &#8211; Usted &#8211; Vals de las velas &#8211; Vereda tropical &#8211; Vuela paloma &#8211; Yo te dir\u00e9 &#8211; Yo vendo unos ojos negros<\/p>\n<\/div>\n<div class=\"a-expander-header a-expander-partial-collapse-header\">\n<div class=\"a-expander-content-fade\"><\/div>\n<p><a class=\"a-declarative\" data-action=\"a-expander-toggle\" data-a-expander-toggle=\"{&quot;allowLinkDefault&quot;:true, &quot;expand_prompt&quot;:&quot;Leer m\u00e1s&quot;, &quot;collapse_prompt&quot;:&quot;Leer menos&quot;}\"><i class=\"a-icon a-icon-extender-expand\"><\/i><span class=\"a-expander-prompt\">Leer m\u00e1s<\/span><\/a><\/div>\n<\/div>\n<\/div>\n","protected":false},"excerpt":{"rendered":"<p>Incluye: Ac\u00e9rcarte m\u00e1s &#8211; Adi\u00f3s &#8211; Adi\u00f3s Mariquita linda &#8211; Adi\u00f3s muchachos &#8211; Adi\u00f3s pampa m\u00eda &#8211; Alma llanera &#8211; Alma llanera &#8211; Alma y coraz\u00f3n &#8211; Amor &#8211; Angelitos negros &#8211; Anoche habl\u00e9 con la luna &#8211; Aquellos ojos verdes &#8211; Arrivederci Roma &#8211; As\u00ed en Par\u00eds (Paris canaille) &#8211; Babal\u00fa &#8211; Bah\u00eda &#8211; [&hellip;]<\/p>\n","protected":false},"featured_media":5949,"comment_status":"closed","ping_status":"closed","template":"","meta":{"om_disable_all_campaigns":false},"product_cat":[49],"product_tag":[210],"class_list":["post-5948","product","type-product","status-publish","has-post-thumbnail","hentry","product_cat-libreria-y-metodos","product_tag-libreria-y-metodos"],"aioseo_notices":[],"_links":{"self":[{"href":"https:\/\/www.musicalmollet.com\/index.php\/wp-json\/wp\/v2\/product\/5948","targetHints":{"allow":["GET"]}}],"collection":[{"href":"https:\/\/www.musicalmollet.com\/index.php\/wp-json\/wp\/v2\/product"}],"about":[{"href":"https:\/\/www.musicalmollet.com\/index.php\/wp-json\/wp\/v2\/types\/product"}],"replies":[{"embeddable":true,"href":"https:\/\/www.musicalmollet.com\/index.php\/wp-json\/wp\/v2\/comments?post=5948"}],"wp:featuredmedia":[{"embeddable":true,"href":"https:\/\/www.musicalmollet.com\/index.php\/wp-json\/wp\/v2\/media\/5949"}],"wp:attachment":[{"href":"https:\/\/www.musicalmollet.com\/index.php\/wp-json\/wp\/v2\/media?parent=5948"}],"wp:term":[{"taxonomy":"product_cat","embeddable":true,"href":"https:\/\/www.musicalmollet.com\/index.php\/wp-json\/wp\/v2\/product_cat?post=5948"},{"taxonomy":"product_tag","embeddable":true,"href":"https:\/\/www.musicalmollet.com\/index.php\/wp-json\/wp\/v2\/product_tag?post=5948"}],"curies":[{"name":"wp","href":"https:\/\/api.w.org\/{rel}","templated":true}]}}