{"id":5961,"date":"2022-01-25T11:55:58","date_gmt":"2022-01-25T10:55:58","guid":{"rendered":"https:\/\/www.musicalmollet.com\/?post_type=product&#038;p=5961"},"modified":"2022-02-08T13:12:25","modified_gmt":"2022-02-08T12:12:25","slug":"adaptador-pearl-ax-25-rotable-360o-270mm","status":"publish","type":"product","link":"https:\/\/www.musicalmollet.com\/index.php\/producto\/adaptador-pearl-ax-25-rotable-360o-270mm\/","title":{"rendered":"Adaptador Pearl AX-25 Rotable 360\u00ba 270mm"},"content":{"rendered":"<div class=\"kEwVtd\">\n<div class=\"eYbsle\">Pearl AX-25 Rotating Multi-Clamp<\/div>\n<div class=\"ag0Tdd\"><span class=\"KSvtLc\">Visitar<\/span><\/div>\n<\/div>\n<div class=\"ZUo4Ze\">\n<div class=\"YKDURe\">\n<div>\n<div class=\"lTWmHe\"><span class=\"pjssF\">60,10\u00a0\u20ac*<\/span><span class=\"fboSOd rRMCTb\"> \u00b7 <\/span> <span class=\"pjssF jdp5U\"><span class=\"pnrEfb\">En stock<\/span><\/span><span class=\"fboSOd rRMCTb\"> \u00b7 <\/span><span class=\"pjssF\"><span class=\"RUhMAc\">Marca: <\/span>Pearl<\/span><\/div>\n<div class=\"jP1f5 jarKte eH7Ctc\">El Pearl AX-25 Rotating Multi-Clamp es un adaptador \u00fatil para a\u00f1adir toms adicionales, platillos y m\u00e1s a su configuraci\u00f3n de bater\u00eda. Con Pearl<\/div>\n<\/div>\n<\/div>\n<\/div>\n","protected":false},"excerpt":{"rendered":"<p>!!LIQUIDACION POR JUBILACION!!<\/p>\n<p>Envoltorio de pl\u00e1stico muy poco deteriorado por el almacenamiento, la pieza impecable.<\/p>\n","protected":false},"featured_media":5962,"comment_status":"closed","ping_status":"closed","template":"","meta":{"om_disable_all_campaigns":false},"product_cat":[10],"product_tag":[359],"class_list":["post-5961","product","type-product","status-publish","has-post-thumbnail","hentry","product_cat-accesoriobateria","product_tag-soportes-varios"],"aioseo_notices":[],"_links":{"self":[{"href":"https:\/\/www.musicalmollet.com\/index.php\/wp-json\/wp\/v2\/product\/5961","targetHints":{"allow":["GET"]}}],"collection":[{"href":"https:\/\/www.musicalmollet.com\/index.php\/wp-json\/wp\/v2\/product"}],"about":[{"href":"https:\/\/www.musicalmollet.com\/index.php\/wp-json\/wp\/v2\/types\/product"}],"replies":[{"embeddable":true,"href":"https:\/\/www.musicalmollet.com\/index.php\/wp-json\/wp\/v2\/comments?post=5961"}],"wp:featuredmedia":[{"embeddable":true,"href":"https:\/\/www.musicalmollet.com\/index.php\/wp-json\/wp\/v2\/media\/5962"}],"wp:attachment":[{"href":"https:\/\/www.musicalmollet.com\/index.php\/wp-json\/wp\/v2\/media?parent=5961"}],"wp:term":[{"taxonomy":"product_cat","embeddable":true,"href":"https:\/\/www.musicalmollet.com\/index.php\/wp-json\/wp\/v2\/product_cat?post=5961"},{"taxonomy":"product_tag","embeddable":true,"href":"https:\/\/www.musicalmollet.com\/index.php\/wp-json\/wp\/v2\/product_tag?post=5961"}],"curies":[{"name":"wp","href":"https:\/\/api.w.org\/{rel}","templated":true}]}}